{"id":6044,"date":"2025-09-17T19:22:00","date_gmt":"2025-09-17T17:22:00","guid":{"rendered":"https:\/\/cobin.com.ar\/?post_type=product&#038;p=6044"},"modified":"2025-09-18T17:01:03","modified_gmt":"2025-09-18T15:01:03","slug":"purificador-de-agua-rotoplas-max-blanco","status":"publish","type":"product","link":"https:\/\/cobin.com.ar\/index.php\/producto\/purificador-de-agua-rotoplas-max-blanco\/","title":{"rendered":"Purificador de agua Rotoplas Max Blanco"},"content":{"rendered":"","protected":false},"excerpt":{"rendered":"<p>Material: ABS.<br \/>\nTipo de Filtro: Carb\u00f3n activado granular + resinas de adsorci\u00f3n de ars\u00e9nico y metales pesados + pre y post filtros de 10 micrones.<br \/>\nReduce el 84,78% de la concentracio\u0301n de cloro del agua de red para un agua de entrada que contenga hasta 2,0 mg\/l de cloro.<br \/>\nReduce la concentracio\u0301n de arse\u0301nico en el agua de red en un el 90,38% para un agua de entrada que contenga hasta 0,1 mg\/l de arse\u0301nico.<br \/>\nEl dispositivo presenta una reduccio\u0301n de sustancias inorga\u0301nicas (plomo, aluminio, cobre) en todos los casos superior al 80%.<\/p>\n","protected":false},"featured_media":6032,"comment_status":"open","ping_status":"closed","template":"","meta":[],"product_brand":[],"product_cat":[162,160],"product_tag":[81],"class_list":{"0":"post-6044","1":"product","2":"type-product","3":"status-publish","4":"has-post-thumbnail","6":"product_cat-filtro-purificador","7":"product_cat-tratamiento-de-agua","8":"product_tag-vulcano","10":"first","11":"instock","12":"shipping-taxable","13":"purchasable","14":"product-type-simple"},"jetpack_sharing_enabled":true,"_links":{"self":[{"href":"https:\/\/cobin.com.ar\/index.php\/wp-json\/wp\/v2\/product\/6044","targetHints":{"allow":["GET"]}}],"collection":[{"href":"https:\/\/cobin.com.ar\/index.php\/wp-json\/wp\/v2\/product"}],"about":[{"href":"https:\/\/cobin.com.ar\/index.php\/wp-json\/wp\/v2\/types\/product"}],"replies":[{"embeddable":true,"href":"https:\/\/cobin.com.ar\/index.php\/wp-json\/wp\/v2\/comments?post=6044"}],"version-history":[{"count":1,"href":"https:\/\/cobin.com.ar\/index.php\/wp-json\/wp\/v2\/product\/6044\/revisions"}],"predecessor-version":[{"id":6045,"href":"https:\/\/cobin.com.ar\/index.php\/wp-json\/wp\/v2\/product\/6044\/revisions\/6045"}],"wp:featuredmedia":[{"embeddable":true,"href":"https:\/\/cobin.com.ar\/index.php\/wp-json\/wp\/v2\/media\/6032"}],"wp:attachment":[{"href":"https:\/\/cobin.com.ar\/index.php\/wp-json\/wp\/v2\/media?parent=6044"}],"wp:term":[{"taxonomy":"product_brand","embeddable":true,"href":"https:\/\/cobin.com.ar\/index.php\/wp-json\/wp\/v2\/product_brand?post=6044"},{"taxonomy":"product_cat","embeddable":true,"href":"https:\/\/cobin.com.ar\/index.php\/wp-json\/wp\/v2\/product_cat?post=6044"},{"taxonomy":"product_tag","embeddable":true,"href":"https:\/\/cobin.com.ar\/index.php\/wp-json\/wp\/v2\/product_tag?post=6044"}],"curies":[{"name":"wp","href":"https:\/\/api.w.org\/{rel}","templated":true}]}}