{"id":5397,"date":"2024-08-28T22:49:31","date_gmt":"2024-08-28T20:49:31","guid":{"rendered":"https:\/\/cobin.com.ar\/?post_type=product&#038;p=5397"},"modified":"2025-09-17T18:25:28","modified_gmt":"2025-09-17T16:25:28","slug":"cloro-90-granulado-disolucion-lenta-x-5-kg-vulclor-vulcano-copia","status":"publish","type":"product","link":"https:\/\/cobin.com.ar\/index.php\/producto\/cloro-90-granulado-disolucion-lenta-x-5-kg-vulclor-vulcano-copia\/","title":{"rendered":"Cloro 60 Granulado Disoluci\u00f3n R\u00e1pida x 5 kg Vulclor Vulcano"},"content":{"rendered":"<p>Cloro granulado Vulclor 5 kg. Eficaz bactericida de disoluci\u00f3n r\u00e1pida con alto poder desinfectante,\u00a0<b>ideal para piscinas de fibra de vidrio o pintadas.<\/b>\u00a0No incrementa la alcalinidad del agua, se mantiene estable ante la acci\u00f3n del sol y es de alto poder residual.<\/p>\n<p><b>Dosis:<\/b>\u00a020g cada 10.000 litros (piscinas residenciales).<\/p>\n<p><b>Importante:<\/b>\u00a0se debe regular el pH del agua entre 7,2 y 7,6 y mantener el nivel de cloro libre por encima de 1,5 ppm. Se recomienda realizar mediciones con el test kit Vulcano\u00ae. Aplicar preferentemente por la noche.<\/p>\n","protected":false},"excerpt":{"rendered":"<div class=\"contenedor-tabla\"><b>Formato:<\/b>\u00a0granulado<\/div>\n<div class=\"contenedor-tabla\"><b>Presentaci\u00f3n:<\/b>\u00a0balde 5 kg<\/div>\n","protected":false},"featured_media":6010,"comment_status":"open","ping_status":"closed","template":"","meta":[],"product_brand":[],"product_cat":[119,126],"product_tag":[81],"class_list":{"0":"post-5397","1":"product","2":"type-product","3":"status-publish","4":"has-post-thumbnail","6":"product_cat-piscina","7":"product_cat-productos-quimicos","8":"product_tag-vulcano","10":"first","11":"instock","12":"shipping-taxable","13":"product-type-simple"},"jetpack_sharing_enabled":true,"_links":{"self":[{"href":"https:\/\/cobin.com.ar\/index.php\/wp-json\/wp\/v2\/product\/5397","targetHints":{"allow":["GET"]}}],"collection":[{"href":"https:\/\/cobin.com.ar\/index.php\/wp-json\/wp\/v2\/product"}],"about":[{"href":"https:\/\/cobin.com.ar\/index.php\/wp-json\/wp\/v2\/types\/product"}],"replies":[{"embeddable":true,"href":"https:\/\/cobin.com.ar\/index.php\/wp-json\/wp\/v2\/comments?post=5397"}],"version-history":[{"count":1,"href":"https:\/\/cobin.com.ar\/index.php\/wp-json\/wp\/v2\/product\/5397\/revisions"}],"predecessor-version":[{"id":5977,"href":"https:\/\/cobin.com.ar\/index.php\/wp-json\/wp\/v2\/product\/5397\/revisions\/5977"}],"wp:featuredmedia":[{"embeddable":true,"href":"https:\/\/cobin.com.ar\/index.php\/wp-json\/wp\/v2\/media\/6010"}],"wp:attachment":[{"href":"https:\/\/cobin.com.ar\/index.php\/wp-json\/wp\/v2\/media?parent=5397"}],"wp:term":[{"taxonomy":"product_brand","embeddable":true,"href":"https:\/\/cobin.com.ar\/index.php\/wp-json\/wp\/v2\/product_brand?post=5397"},{"taxonomy":"product_cat","embeddable":true,"href":"https:\/\/cobin.com.ar\/index.php\/wp-json\/wp\/v2\/product_cat?post=5397"},{"taxonomy":"product_tag","embeddable":true,"href":"https:\/\/cobin.com.ar\/index.php\/wp-json\/wp\/v2\/product_tag?post=5397"}],"curies":[{"name":"wp","href":"https:\/\/api.w.org\/{rel}","templated":true}]}}