{"id":5269,"date":"2024-07-01T18:53:17","date_gmt":"2024-07-01T16:53:17","guid":{"rendered":"https:\/\/cobin.com.ar\/?post_type=product&#038;p=5269"},"modified":"2025-09-17T18:19:58","modified_gmt":"2025-09-17T16:19:58","slug":"horno-industrial-acero-inox-corbelli-cfh-100","status":"publish","type":"product","link":"https:\/\/cobin.com.ar\/index.php\/producto\/horno-industrial-acero-inox-corbelli-cfh-100\/","title":{"rendered":"Horno Industrial Acero Inox Corbelli CFH 100"},"content":{"rendered":"<ul>\n<li><strong class=\"titu\">Medidas:<\/strong><\/li>\n<li>EXTERIOR: 65 alto x 100 ancho x 68 cm prof.<\/li>\n<li>INTERIOR: 35 alto x 78 ancho x 64 cm prof.<\/li>\n<\/ul>\n","protected":false},"excerpt":{"rendered":"<ul>\n<li><strong>Horno:<\/strong>\u00a0Piso en tejuelas refractarias, puerta con resorte industrial, v\u00e1lvula de seguridad, quemador longitudinal, pir\u00f3metro indicador de la temperatura y aislaci\u00f3n del exterior mediante vrac.<\/li>\n<li><strong>Accesorios:\u00a0<\/strong>\u00a02 Rejillas.<\/li>\n<li>Potencia (Cal\/H): 12000<\/li>\n<li>Opcionales: Base<\/li>\n<li>Conexi\u00f3n: Gas \u00f8 1\/2\u201d<\/li>\n<li>Funcionamiento: Gas natural o envasado<\/li>\n<\/ul>\n","protected":false},"featured_media":6005,"comment_status":"open","ping_status":"closed","template":"","meta":[],"product_brand":[],"product_cat":[111,110],"product_tag":[69],"class_list":{"0":"post-5269","1":"product","2":"type-product","3":"status-publish","4":"has-post-thumbnail","6":"product_cat-gas-hornos","7":"product_cat-hornos","8":"product_tag-corbelli","10":"first","11":"onbackorder","12":"shipping-taxable","13":"product-type-simple"},"jetpack_sharing_enabled":true,"_links":{"self":[{"href":"https:\/\/cobin.com.ar\/index.php\/wp-json\/wp\/v2\/product\/5269","targetHints":{"allow":["GET"]}}],"collection":[{"href":"https:\/\/cobin.com.ar\/index.php\/wp-json\/wp\/v2\/product"}],"about":[{"href":"https:\/\/cobin.com.ar\/index.php\/wp-json\/wp\/v2\/types\/product"}],"replies":[{"embeddable":true,"href":"https:\/\/cobin.com.ar\/index.php\/wp-json\/wp\/v2\/comments?post=5269"}],"version-history":[{"count":1,"href":"https:\/\/cobin.com.ar\/index.php\/wp-json\/wp\/v2\/product\/5269\/revisions"}],"predecessor-version":[{"id":6006,"href":"https:\/\/cobin.com.ar\/index.php\/wp-json\/wp\/v2\/product\/5269\/revisions\/6006"}],"wp:featuredmedia":[{"embeddable":true,"href":"https:\/\/cobin.com.ar\/index.php\/wp-json\/wp\/v2\/media\/6005"}],"wp:attachment":[{"href":"https:\/\/cobin.com.ar\/index.php\/wp-json\/wp\/v2\/media?parent=5269"}],"wp:term":[{"taxonomy":"product_brand","embeddable":true,"href":"https:\/\/cobin.com.ar\/index.php\/wp-json\/wp\/v2\/product_brand?post=5269"},{"taxonomy":"product_cat","embeddable":true,"href":"https:\/\/cobin.com.ar\/index.php\/wp-json\/wp\/v2\/product_cat?post=5269"},{"taxonomy":"product_tag","embeddable":true,"href":"https:\/\/cobin.com.ar\/index.php\/wp-json\/wp\/v2\/product_tag?post=5269"}],"curies":[{"name":"wp","href":"https:\/\/api.w.org\/{rel}","templated":true}]}}