{"id":5262,"date":"2024-07-01T18:44:08","date_gmt":"2024-07-01T16:44:08","guid":{"rendered":"https:\/\/cobin.com.ar\/?post_type=product&#038;p=5262"},"modified":"2024-10-14T18:57:12","modified_gmt":"2024-10-14T16:57:12","slug":"cocina-industrial-acero-inoxidable-corbelli-cf-140","status":"publish","type":"product","link":"https:\/\/cobin.com.ar\/index.php\/producto\/cocina-industrial-acero-inoxidable-corbelli-cf-140\/","title":{"rendered":"Cocina Industrial Acero Inoxidable Corbelli CF 140"},"content":{"rendered":"<ul>\n<li>Medidas:<\/li>\n<li>EXTERIOR: 87 alto x 140 ancho x 72 cm prof.<\/li>\n<li>INTERIOR HORNO: 35 alto x 48 ancho x 64 cm prof.<\/li>\n<\/ul>\n","protected":false},"excerpt":{"rendered":"<ul>\n<li><strong>Exterior:<\/strong>\u00a0Acero inoxidable calidad AISI 430 esmerilado de 1 mm.<\/li>\n<li><strong>Rejillas y tapas de quemadores:<\/strong>\u00a0Hierro fundido.<\/li>\n<li><strong>Horno:<\/strong>\u00a0Piso en tejuelas refractarias, puerta con resorte industrial, v\u00e1lvula de seguridad, quemador longitudinal, pir\u00f3metro indicador de la temperatura y aislaci\u00f3n del exterior mediante vrac, accesorios: 2 rejillas.<\/li>\n<li>Configuraciones: 7 Hornallas, 6 Hornallas + Plancha Bifera, 6 Hornallas + Ba\u00f1o Mar\u00eda<\/li>\n<li>Conexi\u00f3n: Gas \u00f8 1\/2\u201d<\/li>\n<li>Funcionamiento: Gas natural o envasado<\/li>\n<\/ul>\n","protected":false},"featured_media":0,"comment_status":"open","ping_status":"closed","template":"","meta":[],"product_brand":[],"product_cat":[99,208,100],"product_tag":[69],"class_list":{"0":"post-5262","1":"product","2":"type-product","3":"status-publish","5":"product_cat-cocinas","6":"product_cat-cocinas-cf","7":"product_cat-gas","8":"product_tag-corbelli","10":"first","11":"onbackorder","12":"shipping-taxable","13":"product-type-simple"},"jetpack_sharing_enabled":true,"_links":{"self":[{"href":"https:\/\/cobin.com.ar\/index.php\/wp-json\/wp\/v2\/product\/5262","targetHints":{"allow":["GET"]}}],"collection":[{"href":"https:\/\/cobin.com.ar\/index.php\/wp-json\/wp\/v2\/product"}],"about":[{"href":"https:\/\/cobin.com.ar\/index.php\/wp-json\/wp\/v2\/types\/product"}],"replies":[{"embeddable":true,"href":"https:\/\/cobin.com.ar\/index.php\/wp-json\/wp\/v2\/comments?post=5262"}],"version-history":[{"count":0,"href":"https:\/\/cobin.com.ar\/index.php\/wp-json\/wp\/v2\/product\/5262\/revisions"}],"wp:attachment":[{"href":"https:\/\/cobin.com.ar\/index.php\/wp-json\/wp\/v2\/media?parent=5262"}],"wp:term":[{"taxonomy":"product_brand","embeddable":true,"href":"https:\/\/cobin.com.ar\/index.php\/wp-json\/wp\/v2\/product_brand?post=5262"},{"taxonomy":"product_cat","embeddable":true,"href":"https:\/\/cobin.com.ar\/index.php\/wp-json\/wp\/v2\/product_cat?post=5262"},{"taxonomy":"product_tag","embeddable":true,"href":"https:\/\/cobin.com.ar\/index.php\/wp-json\/wp\/v2\/product_tag?post=5262"}],"curies":[{"name":"wp","href":"https:\/\/api.w.org\/{rel}","templated":true}]}}