{"id":5181,"date":"2024-06-24T16:36:10","date_gmt":"2024-06-24T14:36:10","guid":{"rendered":"https:\/\/cobin.com.ar\/?post_type=product&#038;p=5181"},"modified":"2025-09-16T17:45:07","modified_gmt":"2025-09-16T15:45:07","slug":"extractor-tst-para-banos-cp-4","status":"publish","type":"product","link":"https:\/\/cobin.com.ar\/index.php\/producto\/extractor-tst-para-banos-cp-4\/","title":{"rendered":"Extractor TST para Ba\u00f1os CP 4&#8243;"},"content":{"rendered":"<p>Medidas<\/p>\n<p>Ancho 157 mm<\/p>\n<p>Altura 157 mm.<\/p>\n<p>Profundidad 82 mm.<\/p>\n","protected":false},"excerpt":{"rendered":"<ul>\n<li>Di\u00e1metro del tubo: 4&#8242;.<\/li>\n<li>Carcasa pl\u00e1stica: Abs.<\/li>\n<li>\u00c1reas de aplicaci\u00f3n: Ba\u00f1os, Placards, Toilettes.<\/li>\n<li>USO: Familiar.<\/li>\n<li>Motor: 2800 rpm.<\/li>\n<li>Potencia: 20 W.<\/li>\n<li>Caudal: 90 m3\/h.<\/li>\n<\/ul>\n","protected":false},"featured_media":2786,"comment_status":"open","ping_status":"closed","template":"","meta":[],"product_brand":[],"product_cat":[107,106],"product_tag":[78],"class_list":{"0":"post-5181","1":"product","2":"type-product","3":"status-publish","4":"has-post-thumbnail","6":"product_cat-domesticos-extractores","7":"product_cat-extractores","8":"product_tag-tst","10":"first","11":"instock","12":"shipping-taxable","13":"purchasable","14":"product-type-simple"},"jetpack_sharing_enabled":true,"_links":{"self":[{"href":"https:\/\/cobin.com.ar\/index.php\/wp-json\/wp\/v2\/product\/5181","targetHints":{"allow":["GET"]}}],"collection":[{"href":"https:\/\/cobin.com.ar\/index.php\/wp-json\/wp\/v2\/product"}],"about":[{"href":"https:\/\/cobin.com.ar\/index.php\/wp-json\/wp\/v2\/types\/product"}],"replies":[{"embeddable":true,"href":"https:\/\/cobin.com.ar\/index.php\/wp-json\/wp\/v2\/comments?post=5181"}],"version-history":[{"count":1,"href":"https:\/\/cobin.com.ar\/index.php\/wp-json\/wp\/v2\/product\/5181\/revisions"}],"predecessor-version":[{"id":5873,"href":"https:\/\/cobin.com.ar\/index.php\/wp-json\/wp\/v2\/product\/5181\/revisions\/5873"}],"wp:featuredmedia":[{"embeddable":true,"href":"https:\/\/cobin.com.ar\/index.php\/wp-json\/wp\/v2\/media\/2786"}],"wp:attachment":[{"href":"https:\/\/cobin.com.ar\/index.php\/wp-json\/wp\/v2\/media?parent=5181"}],"wp:term":[{"taxonomy":"product_brand","embeddable":true,"href":"https:\/\/cobin.com.ar\/index.php\/wp-json\/wp\/v2\/product_brand?post=5181"},{"taxonomy":"product_cat","embeddable":true,"href":"https:\/\/cobin.com.ar\/index.php\/wp-json\/wp\/v2\/product_cat?post=5181"},{"taxonomy":"product_tag","embeddable":true,"href":"https:\/\/cobin.com.ar\/index.php\/wp-json\/wp\/v2\/product_tag?post=5181"}],"curies":[{"name":"wp","href":"https:\/\/api.w.org\/{rel}","templated":true}]}}