{"id":5163,"date":"2024-06-19T23:03:37","date_gmt":"2024-06-19T21:03:37","guid":{"rendered":"https:\/\/cobin.com.ar\/?post_type=product&#038;p=5163"},"modified":"2025-09-17T19:13:05","modified_gmt":"2025-09-17T17:13:05","slug":"ablandador-de-agua-abl-1044-vulcano","status":"publish","type":"product","link":"https:\/\/cobin.com.ar\/index.php\/producto\/ablandador-de-agua-abl-1044-vulcano\/","title":{"rendered":"Ablandador de Agua ABL &#8211; 1044 Vulcano"},"content":{"rendered":"<ul>\n<li>Caudal de trabajo 1000 lts\/h<\/li>\n<li>Tanque PRFV<\/li>\n<li>Carga de resina 25 litros<\/li>\n<li>Rango de operaci\u00f3n 50 \u2013 1000 ppm<\/li>\n<li>Frecuencia de regeneraci\u00f3n 1 a 12 d\u00edas (autom\u00e1tico)<\/li>\n<li>Presi\u00f3n m\u00ednima de trabajo 1,8 kg\/cm2<\/li>\n<li>Presi\u00f3n m\u00e1x. 6 kg\/cm2<\/li>\n<li>Temperatura m\u00e1xima de trabajo 37\u00b0C<\/li>\n<\/ul>\n","protected":false},"excerpt":{"rendered":"<p>Ablandador de agua autom\u00e1tico compacto para la eliminaci\u00f3n de la dureza del agua Vulcano modelo ABL-1044. Este equipo elimina el \u00absarro\u00bb del agua, mediante el uso de resina de intercambio i\u00f3nico (25 litros). Estos equipos cuentan con v\u00e1lvula cronom\u00e9trica de 12 d\u00edas capaz de hacer el proceso de regeneraci\u00f3n de forma autom\u00e1tica. Estos equipos de uso domiciliario y comercial son ideales para proteger la instalaci\u00f3n de la casa, calderas, radiadores y grifer\u00eda de los efectos nocivos del sarro. Los equipos incluyen salero completo (con mecanismo flotante). La resina se vende por separado.<\/p>\n","protected":false},"featured_media":6026,"comment_status":"open","ping_status":"closed","template":"","meta":[],"product_brand":[],"product_cat":[163,160],"product_tag":[81],"class_list":{"0":"post-5163","1":"product","2":"type-product","3":"status-publish","4":"has-post-thumbnail","6":"product_cat-ablandador","7":"product_cat-tratamiento-de-agua","8":"product_tag-vulcano","10":"first","11":"instock","12":"shipping-taxable","13":"purchasable","14":"product-type-simple"},"jetpack_sharing_enabled":true,"_links":{"self":[{"href":"https:\/\/cobin.com.ar\/index.php\/wp-json\/wp\/v2\/product\/5163","targetHints":{"allow":["GET"]}}],"collection":[{"href":"https:\/\/cobin.com.ar\/index.php\/wp-json\/wp\/v2\/product"}],"about":[{"href":"https:\/\/cobin.com.ar\/index.php\/wp-json\/wp\/v2\/types\/product"}],"replies":[{"embeddable":true,"href":"https:\/\/cobin.com.ar\/index.php\/wp-json\/wp\/v2\/comments?post=5163"}],"version-history":[{"count":1,"href":"https:\/\/cobin.com.ar\/index.php\/wp-json\/wp\/v2\/product\/5163\/revisions"}],"predecessor-version":[{"id":6027,"href":"https:\/\/cobin.com.ar\/index.php\/wp-json\/wp\/v2\/product\/5163\/revisions\/6027"}],"wp:featuredmedia":[{"embeddable":true,"href":"https:\/\/cobin.com.ar\/index.php\/wp-json\/wp\/v2\/media\/6026"}],"wp:attachment":[{"href":"https:\/\/cobin.com.ar\/index.php\/wp-json\/wp\/v2\/media?parent=5163"}],"wp:term":[{"taxonomy":"product_brand","embeddable":true,"href":"https:\/\/cobin.com.ar\/index.php\/wp-json\/wp\/v2\/product_brand?post=5163"},{"taxonomy":"product_cat","embeddable":true,"href":"https:\/\/cobin.com.ar\/index.php\/wp-json\/wp\/v2\/product_cat?post=5163"},{"taxonomy":"product_tag","embeddable":true,"href":"https:\/\/cobin.com.ar\/index.php\/wp-json\/wp\/v2\/product_tag?post=5163"}],"curies":[{"name":"wp","href":"https:\/\/api.w.org\/{rel}","templated":true}]}}