{"id":3640,"date":"2024-03-05T17:44:56","date_gmt":"2024-03-05T16:44:56","guid":{"rendered":"https:\/\/cobin.com.ar\/?post_type=product&#038;p=3640"},"modified":"2025-10-02T19:58:40","modified_gmt":"2025-10-02T17:58:40","slug":"termotanque-multigas-zafiro-tsz-85-l-senorial","status":"publish","type":"product","link":"https:\/\/cobin.com.ar\/index.php\/producto\/termotanque-multigas-zafiro-tsz-85-l-senorial\/","title":{"rendered":"Termotanque Multigas Zafiro TSZ-85 L Se\u00f1orial"},"content":{"rendered":"<p>* Multigas: Kit para instalaci\u00f3n de gas natural o envasado.<br \/>\n* Con piloto analizador.<br \/>\n* Termotanque para apoyar o colgar.<br \/>\n* Producto de alta eficiencia certificado bajo normativa.<br \/>\n* Garant\u00eda oficial Se\u00f1orial 3 a\u00f1os.<\/p>\n<ul>\n<li>Capacidad 85 Lts.<\/li>\n<li>Di\u00e1metro de conexi\u00f3n de gas 3\/8\u201d Rosca BSP.<\/li>\n<li>Di\u00e1metro de conexi\u00f3n de agua 3\/4\u201d Rosca BSP.<\/li>\n<li>Presi\u00f3n m\u00e1xima de agua 4,5 Kgs\/cm2.<\/li>\n<li>Consumo en gas natural 4400 Kcal\/h.<\/li>\n<li>Recuperaci\u00f3n en gas natural 158 Lts\/h con \u0394t 20\u00b0C.<\/li>\n<li>Consumo en gas licuado 4400 Kcal\/h.<\/li>\n<li>Recuperaci\u00f3n en gas licuado 166 Lts\/h con \u0394t 20\u00b0C.<\/li>\n<\/ul>\n","protected":false},"excerpt":{"rendered":"<div align=\"center\">\n<div id=\"lodeladerecha\" align=\"left\">\n<ul>\n<li>Di\u00e1metro gabinete 410 mm.<\/li>\n<li>Altura gabinete 1030 mm.<\/li>\n<li>Altura conexi\u00f3n de agua 1040 mm.<\/li>\n<li>Di\u00e1metro conexi\u00f3n salida de gases 76 mm.<\/li>\n<li>Altura total 1100 mm.<\/li>\n<li>Altura a soporte 885 mm.<\/li>\n<\/ul>\n<\/div>\n<\/div>\n","protected":false},"featured_media":3663,"comment_status":"open","ping_status":"closed","template":"","meta":[],"product_brand":[],"product_cat":[47,45],"product_tag":[48],"class_list":{"0":"post-3640","1":"product","2":"type-product","3":"status-publish","4":"has-post-thumbnail","6":"product_cat-multigas","7":"product_cat-termotanques","8":"product_tag-senorial","10":"first","11":"instock","12":"shipping-taxable","13":"purchasable","14":"product-type-simple"},"jetpack_sharing_enabled":true,"_links":{"self":[{"href":"https:\/\/cobin.com.ar\/index.php\/wp-json\/wp\/v2\/product\/3640","targetHints":{"allow":["GET"]}}],"collection":[{"href":"https:\/\/cobin.com.ar\/index.php\/wp-json\/wp\/v2\/product"}],"about":[{"href":"https:\/\/cobin.com.ar\/index.php\/wp-json\/wp\/v2\/types\/product"}],"replies":[{"embeddable":true,"href":"https:\/\/cobin.com.ar\/index.php\/wp-json\/wp\/v2\/comments?post=3640"}],"version-history":[{"count":1,"href":"https:\/\/cobin.com.ar\/index.php\/wp-json\/wp\/v2\/product\/3640\/revisions"}],"predecessor-version":[{"id":3664,"href":"https:\/\/cobin.com.ar\/index.php\/wp-json\/wp\/v2\/product\/3640\/revisions\/3664"}],"wp:featuredmedia":[{"embeddable":true,"href":"https:\/\/cobin.com.ar\/index.php\/wp-json\/wp\/v2\/media\/3663"}],"wp:attachment":[{"href":"https:\/\/cobin.com.ar\/index.php\/wp-json\/wp\/v2\/media?parent=3640"}],"wp:term":[{"taxonomy":"product_brand","embeddable":true,"href":"https:\/\/cobin.com.ar\/index.php\/wp-json\/wp\/v2\/product_brand?post=3640"},{"taxonomy":"product_cat","embeddable":true,"href":"https:\/\/cobin.com.ar\/index.php\/wp-json\/wp\/v2\/product_cat?post=3640"},{"taxonomy":"product_tag","embeddable":true,"href":"https:\/\/cobin.com.ar\/index.php\/wp-json\/wp\/v2\/product_tag?post=3640"}],"curies":[{"name":"wp","href":"https:\/\/api.w.org\/{rel}","templated":true}]}}