{"id":3638,"date":"2024-03-05T17:44:51","date_gmt":"2024-03-05T16:44:51","guid":{"rendered":"https:\/\/cobin.com.ar\/?post_type=product&#038;p=3638"},"modified":"2025-09-16T18:09:52","modified_gmt":"2025-09-16T16:09:52","slug":"termotanque-multigas-zafiro-tsz-160-l-senorial","status":"publish","type":"product","link":"https:\/\/cobin.com.ar\/index.php\/producto\/termotanque-multigas-zafiro-tsz-160-l-senorial\/","title":{"rendered":"Termotanque Multigas Zafiro TSZ-160 L Se\u00f1orial"},"content":{"rendered":"<p>* Multigas: Kit para instalaci\u00f3n de gas natural o envasado.<br \/>\n* Con piloto analizador.<br \/>\n* Termotanque para apoyar.<br \/>\n* Producto de alta eficiencia certificado bajo normativa.<br \/>\n* Garant\u00eda oficial Se\u00f1orial 3 a\u00f1os.<\/p>\n<p>&nbsp;<\/p>\n<ul>\n<li>Capacidad 160 Lts.<\/li>\n<li>Di\u00e1metro de conexi\u00f3n de gas 3\/8\u201d Rosca BSP.<\/li>\n<li>Di\u00e1metro de conexi\u00f3n de agua 3\/4\u201d Rosca BSP.<\/li>\n<li>Presi\u00f3n m\u00e1xima de agua 4,5 Kgs\/cm2.<\/li>\n<li>Consumo en gas natural 6000 Kcal\/h.<\/li>\n<li>Recuperaci\u00f3n en gas natural 216 Lts\/h con \u0394t 20\u00b0C.<\/li>\n<li>Consumo en gas licuado 6000 Kcal\/h.<\/li>\n<li>Recuperaci\u00f3n en gas licuado 216 Lts\/h con \u0394t 20\u00b0C.<\/li>\n<\/ul>\n","protected":false},"excerpt":{"rendered":"<div align=\"center\">\n<div id=\"lodeladerecha\" align=\"left\">\n<ul>\n<li>Di\u00e1metro gabinete 460 mm.<\/li>\n<li>Altura gabinete 1530 mm.<\/li>\n<li>Altura conexi\u00f3n de agua 1483 mm.<\/li>\n<li>Di\u00e1metro conexi\u00f3n salida de gases 76 mm.<\/li>\n<li>Altura total 1530 mm.<\/li>\n<\/ul>\n<\/div>\n<\/div>\n","protected":false},"featured_media":3659,"comment_status":"open","ping_status":"closed","template":"","meta":[],"product_brand":[],"product_cat":[47,45],"product_tag":[48],"class_list":{"0":"post-3638","1":"product","2":"type-product","3":"status-publish","4":"has-post-thumbnail","6":"product_cat-multigas","7":"product_cat-termotanques","8":"product_tag-senorial","10":"first","11":"instock","12":"shipping-taxable","13":"product-type-simple"},"jetpack_sharing_enabled":true,"_links":{"self":[{"href":"https:\/\/cobin.com.ar\/index.php\/wp-json\/wp\/v2\/product\/3638","targetHints":{"allow":["GET"]}}],"collection":[{"href":"https:\/\/cobin.com.ar\/index.php\/wp-json\/wp\/v2\/product"}],"about":[{"href":"https:\/\/cobin.com.ar\/index.php\/wp-json\/wp\/v2\/types\/product"}],"replies":[{"embeddable":true,"href":"https:\/\/cobin.com.ar\/index.php\/wp-json\/wp\/v2\/comments?post=3638"}],"version-history":[{"count":1,"href":"https:\/\/cobin.com.ar\/index.php\/wp-json\/wp\/v2\/product\/3638\/revisions"}],"predecessor-version":[{"id":3660,"href":"https:\/\/cobin.com.ar\/index.php\/wp-json\/wp\/v2\/product\/3638\/revisions\/3660"}],"wp:featuredmedia":[{"embeddable":true,"href":"https:\/\/cobin.com.ar\/index.php\/wp-json\/wp\/v2\/media\/3659"}],"wp:attachment":[{"href":"https:\/\/cobin.com.ar\/index.php\/wp-json\/wp\/v2\/media?parent=3638"}],"wp:term":[{"taxonomy":"product_brand","embeddable":true,"href":"https:\/\/cobin.com.ar\/index.php\/wp-json\/wp\/v2\/product_brand?post=3638"},{"taxonomy":"product_cat","embeddable":true,"href":"https:\/\/cobin.com.ar\/index.php\/wp-json\/wp\/v2\/product_cat?post=3638"},{"taxonomy":"product_tag","embeddable":true,"href":"https:\/\/cobin.com.ar\/index.php\/wp-json\/wp\/v2\/product_tag?post=3638"}],"curies":[{"name":"wp","href":"https:\/\/api.w.org\/{rel}","templated":true}]}}