{"id":3637,"date":"2024-03-05T17:44:49","date_gmt":"2024-03-05T16:44:49","guid":{"rendered":"https:\/\/cobin.com.ar\/?post_type=product&#038;p=3637"},"modified":"2025-10-02T19:59:27","modified_gmt":"2025-10-02T17:59:27","slug":"termotanque-multigas-zafiro-tszp-50-l-ar-senorial","status":"publish","type":"product","link":"https:\/\/cobin.com.ar\/index.php\/producto\/termotanque-multigas-zafiro-tszp-50-l-ar-senorial\/","title":{"rendered":"Termotanque Multigas Zafiro TSZP-50 L AR Se\u00f1orial"},"content":{"rendered":"<ul>\n<li>Bajo consumo. Piloto analizador.<\/li>\n<li>Mas seguro. V\u00e1lvula de seguridad por sobrepresi\u00f3n.<\/li>\n<li>Multigas: Kit para instalaci\u00f3n de gas natural o envasado.<\/li>\n<li>Detector de mon\u00f3xido de carbono.<\/li>\n<li>Producto certificado por LENOR.<\/li>\n<li>Garant\u00eda 3 a\u00f1os Se\u00f1orial.<\/li>\n<\/ul>\n<p><strong>Medidas<\/strong><br \/>\nAltura total 925 mm<br \/>\nDi\u00e1metro gabinete 360 mm<\/p>\n<p>&nbsp;<\/p>\n<ul>\n<li>Capacidad 50 L<\/li>\n<li>Di\u00e1metro de conexi\u00f3n de gas 3\/8\u201d Rosca BSP.<\/li>\n<li>Di\u00e1metro de conexi\u00f3n de agua 3\/4\u201d Rosca BSP.<\/li>\n<li>Presi\u00f3n m\u00e1xima de agua 0,44 Mpa.<\/li>\n<li>Consumo en gas natural 5150 Kcal\/h.<\/li>\n<li>Recuperaci\u00f3n en gas natural 194 Lts\/h.<\/li>\n<li>Consumo en gas licuado 3700 Kcal\/h.<\/li>\n<li>Recuperaci\u00f3n en gas licuado 148 Lts\/h.<\/li>\n<\/ul>\n","protected":false},"excerpt":{"rendered":"<div align=\"center\">\n<div id=\"lodeladerecha\" align=\"left\">\n<ul>\n<li>Altura conexi\u00f3n de agua 85 cm<\/li>\n<li>Di\u00e1metro tiraje 7.6 cm<\/li>\n<li>Distancia e\/cuplas 24 cm<\/li>\n<\/ul>\n<\/div>\n<\/div>\n","protected":false},"featured_media":3657,"comment_status":"open","ping_status":"closed","template":"","meta":[],"product_brand":[],"product_cat":[47,45],"product_tag":[48],"class_list":{"0":"post-3637","1":"product","2":"type-product","3":"status-publish","4":"has-post-thumbnail","6":"product_cat-multigas","7":"product_cat-termotanques","8":"product_tag-senorial","10":"first","11":"instock","12":"shipping-taxable","13":"purchasable","14":"product-type-simple"},"jetpack_sharing_enabled":true,"_links":{"self":[{"href":"https:\/\/cobin.com.ar\/index.php\/wp-json\/wp\/v2\/product\/3637","targetHints":{"allow":["GET"]}}],"collection":[{"href":"https:\/\/cobin.com.ar\/index.php\/wp-json\/wp\/v2\/product"}],"about":[{"href":"https:\/\/cobin.com.ar\/index.php\/wp-json\/wp\/v2\/types\/product"}],"replies":[{"embeddable":true,"href":"https:\/\/cobin.com.ar\/index.php\/wp-json\/wp\/v2\/comments?post=3637"}],"version-history":[{"count":1,"href":"https:\/\/cobin.com.ar\/index.php\/wp-json\/wp\/v2\/product\/3637\/revisions"}],"predecessor-version":[{"id":3658,"href":"https:\/\/cobin.com.ar\/index.php\/wp-json\/wp\/v2\/product\/3637\/revisions\/3658"}],"wp:featuredmedia":[{"embeddable":true,"href":"https:\/\/cobin.com.ar\/index.php\/wp-json\/wp\/v2\/media\/3657"}],"wp:attachment":[{"href":"https:\/\/cobin.com.ar\/index.php\/wp-json\/wp\/v2\/media?parent=3637"}],"wp:term":[{"taxonomy":"product_brand","embeddable":true,"href":"https:\/\/cobin.com.ar\/index.php\/wp-json\/wp\/v2\/product_brand?post=3637"},{"taxonomy":"product_cat","embeddable":true,"href":"https:\/\/cobin.com.ar\/index.php\/wp-json\/wp\/v2\/product_cat?post=3637"},{"taxonomy":"product_tag","embeddable":true,"href":"https:\/\/cobin.com.ar\/index.php\/wp-json\/wp\/v2\/product_tag?post=3637"}],"curies":[{"name":"wp","href":"https:\/\/api.w.org\/{rel}","templated":true}]}}