{"id":3631,"date":"2024-03-05T17:44:35","date_gmt":"2024-03-05T16:44:35","guid":{"rendered":"https:\/\/cobin.com.ar\/?post_type=product&#038;p=3631"},"modified":"2025-10-02T20:02:06","modified_gmt":"2025-10-02T18:02:06","slug":"termotanque-multigas-family-black-tts-50-l-senorial","status":"publish","type":"product","link":"https:\/\/cobin.com.ar\/index.php\/producto\/termotanque-multigas-family-black-tts-50-l-senorial\/","title":{"rendered":"Termotanque Multigas Family Black TTS-50 L Se\u00f1orial"},"content":{"rendered":"<p>* Bajo consumo de gas, aislamiento con poliuretano.<br \/>\n* Indicador de temperatura digital.<br \/>\n* Producto certificado por IGA.<br \/>\n* Piloto analizador.<br \/>\n* Termotanque con conexi\u00f3n superior e inferior.<br \/>\n* Para apoyar o colgar.<br \/>\n* Multigas: kit para instalaci\u00f3n de gas natural o envasado.<br \/>\n* Color negro.<br \/>\n* Garant\u00eda oficial Se\u00f1orial 7 a\u00f1os.<\/p>\n<ul>\n<li>Capacidad del termotanque 75 Lts.<\/li>\n<li>Presi\u00f3n m\u00e1xima de agua 4,5 Kgs\/cm2.<\/li>\n<li>Di\u00e1metro de conexi\u00f3n de gas 3\/8&#8243; G.<\/li>\n<li>Di\u00e1metro de conexi\u00f3n de agua 3\/4&#8243; G.<\/li>\n<li>Consumo en gas natural 3800 Kcal\/h.<\/li>\n<li>Recuperaci\u00f3n en gas natural 148 Lts\/h con \u0394t 20\u00b0C.<\/li>\n<li>Presi\u00f3n de trabajo gas natural 180 mm.c.a.<\/li>\n<li>Consumo en gas licuado 3800 Kcal\/h.<\/li>\n<li>Recuperaci\u00f3n en gas licuado 148 Lts\/h con \u0394t 20\u00b0C.<\/li>\n<li>Presi\u00f3n de trabajo gas licuado 280 mm.c.a.<\/li>\n<\/ul>\n","protected":false},"excerpt":{"rendered":"<div align=\"center\">\n<div id=\"lodeladerecha\" align=\"left\">\n<ul>\n<li>Di\u00e1metro gabinete 438 mm.<\/li>\n<li>Altura total 755 mm.<\/li>\n<li>Altura conexi\u00f3n de gas 304 mm.<\/li>\n<li>Altura conexi\u00f3n de agua 710 mm.<\/li>\n<\/ul>\n<\/div>\n<\/div>\n","protected":false},"featured_media":3644,"comment_status":"open","ping_status":"closed","template":"","meta":[],"product_brand":[],"product_cat":[47,45],"product_tag":[48],"class_list":{"0":"post-3631","1":"product","2":"type-product","3":"status-publish","4":"has-post-thumbnail","6":"product_cat-multigas","7":"product_cat-termotanques","8":"product_tag-senorial","10":"first","11":"instock","12":"shipping-taxable","13":"purchasable","14":"product-type-simple"},"jetpack_sharing_enabled":true,"_links":{"self":[{"href":"https:\/\/cobin.com.ar\/index.php\/wp-json\/wp\/v2\/product\/3631","targetHints":{"allow":["GET"]}}],"collection":[{"href":"https:\/\/cobin.com.ar\/index.php\/wp-json\/wp\/v2\/product"}],"about":[{"href":"https:\/\/cobin.com.ar\/index.php\/wp-json\/wp\/v2\/types\/product"}],"replies":[{"embeddable":true,"href":"https:\/\/cobin.com.ar\/index.php\/wp-json\/wp\/v2\/comments?post=3631"}],"version-history":[{"count":1,"href":"https:\/\/cobin.com.ar\/index.php\/wp-json\/wp\/v2\/product\/3631\/revisions"}],"predecessor-version":[{"id":3645,"href":"https:\/\/cobin.com.ar\/index.php\/wp-json\/wp\/v2\/product\/3631\/revisions\/3645"}],"wp:featuredmedia":[{"embeddable":true,"href":"https:\/\/cobin.com.ar\/index.php\/wp-json\/wp\/v2\/media\/3644"}],"wp:attachment":[{"href":"https:\/\/cobin.com.ar\/index.php\/wp-json\/wp\/v2\/media?parent=3631"}],"wp:term":[{"taxonomy":"product_brand","embeddable":true,"href":"https:\/\/cobin.com.ar\/index.php\/wp-json\/wp\/v2\/product_brand?post=3631"},{"taxonomy":"product_cat","embeddable":true,"href":"https:\/\/cobin.com.ar\/index.php\/wp-json\/wp\/v2\/product_cat?post=3631"},{"taxonomy":"product_tag","embeddable":true,"href":"https:\/\/cobin.com.ar\/index.php\/wp-json\/wp\/v2\/product_tag?post=3631"}],"curies":[{"name":"wp","href":"https:\/\/api.w.org\/{rel}","templated":true}]}}