{"id":3607,"date":"2024-03-05T17:32:48","date_gmt":"2024-03-05T16:32:48","guid":{"rendered":"https:\/\/cobin.com.ar\/?post_type=product&#038;p=3607"},"modified":"2025-10-02T19:56:47","modified_gmt":"2025-10-02T17:56:47","slug":"termotanque-electrico-40-l-poliuretano-rotoplas","status":"publish","type":"product","link":"https:\/\/cobin.com.ar\/index.php\/producto\/termotanque-electrico-40-l-poliuretano-rotoplas\/","title":{"rendered":"Termotanque El\u00e9ctrico 40 L Poliuretano Rotoplas"},"content":{"rendered":"<div align=\"center\">\n<div id=\"lodeladerecha\" align=\"left\">\n<ul>\n<li>Mayor eficiencia energ\u00e9tica<\/li>\n<li>Display con indicador de temperatura<\/li>\n<li>Aislamiento con poliuretano<\/li>\n<li>Facilidad para reemplazar el \u00e1nodo<\/li>\n<li>Entrada y salida superior e inferior<\/li>\n<li>Regulaci\u00f3n exterior de temperatura<\/li>\n<li>Para apoyar o colgar<\/li>\n<li>Sistema anti congelamiento<\/li>\n<li>V\u00e1lvula antirretorno<\/li>\n<li>Entrada y salida 3\/4\u2033<\/li>\n<li>Apto para bomba presurizadora hasta 2 Kg\/cm\u00b2<strong>Medidas<\/strong><br \/>\nDi\u00e1metro 410 mm<br \/>\nAltura 465 mm<\/li>\n<\/ul>\n<\/div>\n<\/div>\n","protected":false},"excerpt":{"rendered":"<div align=\"center\">\n<div id=\"lodeladerecha\" align=\"left\">\n<ul>\n<li>Capacidad: 90lts.<\/li>\n<li>Consumo: 6.5\/13Amp.<\/li>\n<li>Tensi\u00f3n: 230V.<\/li>\n<li>Potencia: 1500\/3000W.<\/li>\n<li>Presi\u00f3n m\u00e1xima de agua: 4.5Kgs\/cm2.<\/li>\n<li>Conexi\u00f3n de agua: 3\/4&#8243;.<\/li>\n<li>Di\u00e1metro: 410mm, altura: 915mm.<\/li>\n<li>Garant\u00eda oficial Se\u00f1orial 5 a\u00f1os.<\/li>\n<\/ul>\n<\/div>\n<\/div>\n<div><\/div>\n<div align=\"center\">\n<div align=\"center\">\n<form id=\"form1\" action=\"https:\/\/www.tusta.com.ar\/producto.php?id_producto=1176&amp;%20Termotanques%20El%C3%A9ctrico%20Se%C3%B1orial%20Termotanque%20El%C3%A9ctrico%20Family%20%20TTS-%20EAR%2090%20L%20Se%C3%B1orial\" method=\"post\" name=\"form1\">\n<div align=\"center\"><\/div>\n<\/form>\n<\/div>\n<\/div>\n","protected":false},"featured_media":3620,"comment_status":"open","ping_status":"closed","template":"","meta":[],"product_brand":[],"product_cat":[46,45],"product_tag":[76],"class_list":{"0":"post-3607","1":"product","2":"type-product","3":"status-publish","4":"has-post-thumbnail","6":"product_cat-electricos","7":"product_cat-termotanques","8":"product_tag-rotoplas","10":"first","11":"instock","12":"shipping-taxable","13":"purchasable","14":"product-type-simple"},"jetpack_sharing_enabled":true,"_links":{"self":[{"href":"https:\/\/cobin.com.ar\/index.php\/wp-json\/wp\/v2\/product\/3607","targetHints":{"allow":["GET"]}}],"collection":[{"href":"https:\/\/cobin.com.ar\/index.php\/wp-json\/wp\/v2\/product"}],"about":[{"href":"https:\/\/cobin.com.ar\/index.php\/wp-json\/wp\/v2\/types\/product"}],"replies":[{"embeddable":true,"href":"https:\/\/cobin.com.ar\/index.php\/wp-json\/wp\/v2\/comments?post=3607"}],"version-history":[{"count":2,"href":"https:\/\/cobin.com.ar\/index.php\/wp-json\/wp\/v2\/product\/3607\/revisions"}],"predecessor-version":[{"id":5898,"href":"https:\/\/cobin.com.ar\/index.php\/wp-json\/wp\/v2\/product\/3607\/revisions\/5898"}],"wp:featuredmedia":[{"embeddable":true,"href":"https:\/\/cobin.com.ar\/index.php\/wp-json\/wp\/v2\/media\/3620"}],"wp:attachment":[{"href":"https:\/\/cobin.com.ar\/index.php\/wp-json\/wp\/v2\/media?parent=3607"}],"wp:term":[{"taxonomy":"product_brand","embeddable":true,"href":"https:\/\/cobin.com.ar\/index.php\/wp-json\/wp\/v2\/product_brand?post=3607"},{"taxonomy":"product_cat","embeddable":true,"href":"https:\/\/cobin.com.ar\/index.php\/wp-json\/wp\/v2\/product_cat?post=3607"},{"taxonomy":"product_tag","embeddable":true,"href":"https:\/\/cobin.com.ar\/index.php\/wp-json\/wp\/v2\/product_tag?post=3607"}],"curies":[{"name":"wp","href":"https:\/\/api.w.org\/{rel}","templated":true}]}}