{"id":3489,"date":"2024-03-05T16:32:11","date_gmt":"2024-03-05T15:32:11","guid":{"rendered":"https:\/\/cobin.com.ar\/?post_type=product&#038;p=3489"},"modified":"2025-09-16T19:28:44","modified_gmt":"2025-09-16T17:28:44","slug":"tanque-rotoplas-10000-l-vertical-anti-incendio","status":"publish","type":"product","link":"https:\/\/cobin.com.ar\/index.php\/producto\/tanque-rotoplas-10000-l-vertical-anti-incendio\/","title":{"rendered":"Tanque Rotoplas 10000 L vertical anti incendio"},"content":{"rendered":"<div align=\"center\">\n<div id=\"lodeladerecha\" align=\"left\">\n<ul>\n<li>Medidas altura 267 cm, di\u00e1metro 250 cm.<\/li>\n<li>Aplicaci\u00f3n en acumulaci\u00f3n de sistemas de anti incendio.<\/li>\n<li>Resina 100% virgen.<\/li>\n<li>Polietileno de alta calidad y densidad.<\/li>\n<li>Fabricados en una sola pieza.<\/li>\n<li>Resina certificada por la FDA (food and drug administration): permite almacenamiento seguro de agua potable y alimentos sin alterar las propiedades f\u00edsicas y qu\u00edmicas del producto<\/li>\n<li>almacenado.<\/li>\n<li>Superior resistencia estructural, para brindar mayor duraci\u00f3n y m\u00e1s seguridad en todos los productos almacenados.<\/li>\n<li>Tanques reforzados y doble reforzados dependiendo el qu\u00edmico a almacenar.<\/li>\n<li>Rotoplas posee las certificaciones emitidas por el Instituto Nacional de Alimentos y por el Instituto Nacional de Vitivinicultura.<\/li>\n<\/ul>\n<\/div>\n<\/div>\n","protected":false},"excerpt":{"rendered":"<p>Medidas altura 267 cm, di\u00e1metro 250 cm. Aplicaci\u00f3n en acumulaci\u00f3n de sistemas de anti incendio. Resina 100% virgen. Polietileno de alta calidad y densidad. Fabricados en una sola pieza. Resina certificada por la FDA (food and drug administration): permite almacenamiento seguro de agua potable y alimentos sin alterar las propiedades f\u00edsicas y qu\u00edmicas del producto almacenado. Superior resistencia estructural, para brindar mayor duraci\u00f3n y m\u00e1s seguridad en todos los productos almacenados. Tanques reforzados y doble reforzados dependiendo el qu\u00edmico a almacenar. Rotoplas posee las certificaciones emitidas por el Instituto Nacional de Alimentos y por el Instituto Nacional de Vitivinicultura.<\/p>\n","protected":false},"featured_media":3498,"comment_status":"open","ping_status":"closed","template":"","meta":[],"product_brand":[],"product_cat":[150,155],"product_tag":[76],"class_list":{"0":"post-3489","1":"product","2":"type-product","3":"status-publish","4":"has-post-thumbnail","6":"product_cat-tanques-de-agua","7":"product_cat-vertical","8":"product_tag-rotoplas","10":"first","11":"instock","12":"shipping-taxable","13":"purchasable","14":"product-type-simple"},"jetpack_sharing_enabled":true,"_links":{"self":[{"href":"https:\/\/cobin.com.ar\/index.php\/wp-json\/wp\/v2\/product\/3489","targetHints":{"allow":["GET"]}}],"collection":[{"href":"https:\/\/cobin.com.ar\/index.php\/wp-json\/wp\/v2\/product"}],"about":[{"href":"https:\/\/cobin.com.ar\/index.php\/wp-json\/wp\/v2\/types\/product"}],"replies":[{"embeddable":true,"href":"https:\/\/cobin.com.ar\/index.php\/wp-json\/wp\/v2\/comments?post=3489"}],"version-history":[{"count":1,"href":"https:\/\/cobin.com.ar\/index.php\/wp-json\/wp\/v2\/product\/3489\/revisions"}],"predecessor-version":[{"id":3499,"href":"https:\/\/cobin.com.ar\/index.php\/wp-json\/wp\/v2\/product\/3489\/revisions\/3499"}],"wp:featuredmedia":[{"embeddable":true,"href":"https:\/\/cobin.com.ar\/index.php\/wp-json\/wp\/v2\/media\/3498"}],"wp:attachment":[{"href":"https:\/\/cobin.com.ar\/index.php\/wp-json\/wp\/v2\/media?parent=3489"}],"wp:term":[{"taxonomy":"product_brand","embeddable":true,"href":"https:\/\/cobin.com.ar\/index.php\/wp-json\/wp\/v2\/product_brand?post=3489"},{"taxonomy":"product_cat","embeddable":true,"href":"https:\/\/cobin.com.ar\/index.php\/wp-json\/wp\/v2\/product_cat?post=3489"},{"taxonomy":"product_tag","embeddable":true,"href":"https:\/\/cobin.com.ar\/index.php\/wp-json\/wp\/v2\/product_tag?post=3489"}],"curies":[{"name":"wp","href":"https:\/\/api.w.org\/{rel}","templated":true}]}}