{"id":3448,"date":"2024-03-05T16:15:36","date_gmt":"2024-03-05T15:15:36","guid":{"rendered":"https:\/\/cobin.com.ar\/?post_type=product&#038;p=3448"},"modified":"2025-09-16T18:54:45","modified_gmt":"2025-09-16T16:54:45","slug":"tanque-rotoplas-500-lts-cuatricapa-flat-con-base","status":"publish","type":"product","link":"https:\/\/cobin.com.ar\/index.php\/producto\/tanque-rotoplas-500-lts-cuatricapa-flat-con-base\/","title":{"rendered":"Tanque Rotoplas 500 Lts Cuatricapa Flat con base"},"content":{"rendered":"<ul>\n<li>Medidas di\u00e1metro 116 cm, altura 77 cm.<\/li>\n<li>Di\u00e1metro de boca 46 cm.<\/li>\n<li>Conexi\u00f3n de salida 1 1\/2&#8243; lateral.<\/li>\n<li>Se entrega con v\u00e1lvula y flotante, tapa clic y salida lateral termofusionada.<\/li>\n<li>Cuatricapa, materia prima m\u00e1s flexible, que extiende su durabilidad.<\/li>\n<li>Capa antibacteriana controla el desarrollo de bacterias, evitando la formaci\u00f3n de olores y sabores.<\/li>\n<li>Capa blanca permite ver la claridad del agua.<\/li>\n<li>Capa negra, evita la fotos\u00edntesis (desarrollo de algas y verd\u00edn) microorganismos y bacterias asociadas.<\/li>\n<li>Capa beige, contiene los aditivos necesarios para evitar el envejecimiento y la exposici\u00f3n a la intemperie.<\/li>\n<li>Fabricado en una sola pieza, sin filtraciones.<\/li>\n<li>No genera olor ni sabor al agua almacenada, f\u00e1cil de limpiar.<\/li>\n<li>Garant\u00eda de por vida por el tanque.<\/li>\n<li>Incluye base plana de fibrocemento alivianado.<\/li>\n<\/ul>\n","protected":false},"excerpt":{"rendered":"<p>Medidas di\u00e1metro 116 cm, altura 77 cm. Di\u00e1metro de boca 46 cm. Conexi\u00f3n de salida 1 1\/2&#8243; lateral. Se entrega con v\u00e1lvula y flotante, tapa clic y salida lateral termofusionada. Cuatricapa, materia prima m\u00e1s flexible, que extiende su durabilidad. Capa antibacteriana controla el desarrollo de bacterias, evitando la formaci\u00f3n de olores y sabores. Capa blanca permite ver la claridad del agua. Capa negra, evita la fotos\u00edntesis (desarrollo de algas y verd\u00edn) microorganismos y bacterias asociadas. Capa beige, contiene los aditivos necesarios para evitar el envejecimiento y la exposici\u00f3n a la intemperie. Fabricado en una sola pieza, sin filtraciones. No genera olor ni sabor al agua almacenada, f\u00e1cil de limpiar. Garant\u00eda de por vida por el tanque. Incluye base plana de fibrocemento alivianado.<\/p>\n","protected":false},"featured_media":3449,"comment_status":"open","ping_status":"closed","template":"","meta":[],"product_brand":[],"product_cat":[154,150],"product_tag":[76],"class_list":{"0":"post-3448","1":"product","2":"type-product","3":"status-publish","4":"has-post-thumbnail","6":"product_cat-chato-flat","7":"product_cat-tanques-de-agua","8":"product_tag-rotoplas","10":"first","11":"instock","12":"shipping-taxable","13":"purchasable","14":"product-type-simple"},"jetpack_sharing_enabled":true,"_links":{"self":[{"href":"https:\/\/cobin.com.ar\/index.php\/wp-json\/wp\/v2\/product\/3448","targetHints":{"allow":["GET"]}}],"collection":[{"href":"https:\/\/cobin.com.ar\/index.php\/wp-json\/wp\/v2\/product"}],"about":[{"href":"https:\/\/cobin.com.ar\/index.php\/wp-json\/wp\/v2\/types\/product"}],"replies":[{"embeddable":true,"href":"https:\/\/cobin.com.ar\/index.php\/wp-json\/wp\/v2\/comments?post=3448"}],"version-history":[{"count":1,"href":"https:\/\/cobin.com.ar\/index.php\/wp-json\/wp\/v2\/product\/3448\/revisions"}],"predecessor-version":[{"id":3450,"href":"https:\/\/cobin.com.ar\/index.php\/wp-json\/wp\/v2\/product\/3448\/revisions\/3450"}],"wp:featuredmedia":[{"embeddable":true,"href":"https:\/\/cobin.com.ar\/index.php\/wp-json\/wp\/v2\/media\/3449"}],"wp:attachment":[{"href":"https:\/\/cobin.com.ar\/index.php\/wp-json\/wp\/v2\/media?parent=3448"}],"wp:term":[{"taxonomy":"product_brand","embeddable":true,"href":"https:\/\/cobin.com.ar\/index.php\/wp-json\/wp\/v2\/product_brand?post=3448"},{"taxonomy":"product_cat","embeddable":true,"href":"https:\/\/cobin.com.ar\/index.php\/wp-json\/wp\/v2\/product_cat?post=3448"},{"taxonomy":"product_tag","embeddable":true,"href":"https:\/\/cobin.com.ar\/index.php\/wp-json\/wp\/v2\/product_tag?post=3448"}],"curies":[{"name":"wp","href":"https:\/\/api.w.org\/{rel}","templated":true}]}}