{"id":3415,"date":"2024-03-05T15:33:40","date_gmt":"2024-03-05T14:33:40","guid":{"rendered":"https:\/\/cobin.com.ar\/?post_type=product&#038;p=3415"},"modified":"2025-09-16T18:49:23","modified_gmt":"2025-09-16T16:49:23","slug":"tanque-cisterna-waterplast-400-l-clasico","status":"publish","type":"product","link":"https:\/\/cobin.com.ar\/index.php\/producto\/tanque-cisterna-waterplast-400-l-clasico\/","title":{"rendered":"Tanque Cisterna Waterplast 400 L Cl\u00e1sico"},"content":{"rendered":"<ul>\n<li>Medidas: di\u00e1metro 88 cm, altura 82 cm.<\/li>\n<li>Permiten aumentar la capacidad de almacenamiento sin ocupar m\u00e1s espacio en el techo, terraza o azotea.<\/li>\n<li>Disminuye los perjuicios del racionamiento o falta de agua en aquellos sitios con problemas de abastecimiento en la red p\u00fablica.<\/li>\n<li>Evitan los problemas derivados de la presi\u00f3n insuficiente, facilitando la llegada del agua de la red.<\/li>\n<li>Todos sus componentes son garant\u00eda de buen funcionamiento y calidad del agua.<\/li>\n<li>Tapa con sistema click que asegura un cierre perfecto, evita la contaminaci\u00f3n del agua contenida.<\/li>\n<li>Equipadas con flotante y autom\u00e1tico. Listas para instalar.<\/li>\n<li>Resistentes y f\u00e1ciles de instalar.<\/li>\n<li>Fabricadas con materia prima virgen de primera calidad.<\/li>\n<li>Procesos de fabricaci\u00f3n certificados.<\/li>\n<li>Las cisternas Waterplast se utilizan para almacenar agua bajo el nivel de suelo y est\u00e1n fabricadas en polietileno por proceso de rotomoldeo.<\/li>\n<li>Su \u00f3ptimo dise\u00f1o estructural permite su entierre y compactaci\u00f3n.<\/li>\n<li>Excelente flexibilidad y resistencia.<\/li>\n<\/ul>\n","protected":false},"excerpt":{"rendered":"<p>Medidas: di\u00e1metro 88 cm, altura 82 cm. Permiten aumentar la capacidad de almacenamiento sin ocupar m\u00e1s espacio en el techo, terraza o azotea. Disminuye los perjuicios del racionamiento o falta de agua en aquellos sitios con problemas de abastecimiento en la red p\u00fablica. Evitan los problemas derivados de la presi\u00f3n insuficiente, facilitando la llegada del agua de la red. Todos sus componentes son garant\u00eda de buen funcionamiento y calidad del agua. Tapa con sistema click que asegura un cierre perfecto, evita la contaminaci\u00f3n del agua contenida. Equipadas con flotante y autom\u00e1tico. Listas para instalar. Resistentes y f\u00e1ciles de instalar. Fabricadas con materia prima virgen de primera calidad. Procesos de fabricaci\u00f3n certificados. Las cisternas Waterplast se utilizan para almacenar agua bajo el nivel de suelo y est\u00e1n fabricadas en polietileno por proceso de rotomoldeo. Su \u00f3ptimo dise\u00f1o estructural permite su entierre y compactaci\u00f3n. Excelente flexibilidad y resistencia.<\/p>\n","protected":false},"featured_media":3416,"comment_status":"open","ping_status":"closed","template":"","meta":[],"product_brand":[],"product_cat":[152,150],"product_tag":[82],"class_list":{"0":"post-3415","1":"product","2":"type-product","3":"status-publish","4":"has-post-thumbnail","6":"product_cat-cisternas","7":"product_cat-tanques-de-agua","8":"product_tag-waterplast","10":"first","11":"instock","12":"shipping-taxable","13":"purchasable","14":"product-type-simple"},"jetpack_sharing_enabled":true,"_links":{"self":[{"href":"https:\/\/cobin.com.ar\/index.php\/wp-json\/wp\/v2\/product\/3415","targetHints":{"allow":["GET"]}}],"collection":[{"href":"https:\/\/cobin.com.ar\/index.php\/wp-json\/wp\/v2\/product"}],"about":[{"href":"https:\/\/cobin.com.ar\/index.php\/wp-json\/wp\/v2\/types\/product"}],"replies":[{"embeddable":true,"href":"https:\/\/cobin.com.ar\/index.php\/wp-json\/wp\/v2\/comments?post=3415"}],"version-history":[{"count":1,"href":"https:\/\/cobin.com.ar\/index.php\/wp-json\/wp\/v2\/product\/3415\/revisions"}],"predecessor-version":[{"id":3417,"href":"https:\/\/cobin.com.ar\/index.php\/wp-json\/wp\/v2\/product\/3415\/revisions\/3417"}],"wp:featuredmedia":[{"embeddable":true,"href":"https:\/\/cobin.com.ar\/index.php\/wp-json\/wp\/v2\/media\/3416"}],"wp:attachment":[{"href":"https:\/\/cobin.com.ar\/index.php\/wp-json\/wp\/v2\/media?parent=3415"}],"wp:term":[{"taxonomy":"product_brand","embeddable":true,"href":"https:\/\/cobin.com.ar\/index.php\/wp-json\/wp\/v2\/product_brand?post=3415"},{"taxonomy":"product_cat","embeddable":true,"href":"https:\/\/cobin.com.ar\/index.php\/wp-json\/wp\/v2\/product_cat?post=3415"},{"taxonomy":"product_tag","embeddable":true,"href":"https:\/\/cobin.com.ar\/index.php\/wp-json\/wp\/v2\/product_tag?post=3415"}],"curies":[{"name":"wp","href":"https:\/\/api.w.org\/{rel}","templated":true}]}}