{"id":3407,"date":"2024-03-05T15:01:40","date_gmt":"2024-03-05T14:01:40","guid":{"rendered":"https:\/\/cobin.com.ar\/?post_type=product&#038;p=3407"},"modified":"2025-09-16T18:49:35","modified_gmt":"2025-09-16T16:49:35","slug":"tanque-rotoplas-750-lts-tricapa-cisterna-estandar","status":"publish","type":"product","link":"https:\/\/cobin.com.ar\/index.php\/producto\/tanque-rotoplas-750-lts-tricapa-cisterna-estandar\/","title":{"rendered":"Tanque Rotoplas 750 Lts Tricapa Cisterna Estandar"},"content":{"rendered":"<ul>\n<li>Medidas di\u00e1metro 90 cm, altura 140 cm.<\/li>\n<li>\u00danicas con capa antibacteriana. Tapa Click con cierre perfecto.<\/li>\n<li>M\u00e1s resistente, con nervaduras de refuerzo.<\/li>\n<li>Fabricadas en una sola pieza, sin filtraciones.<\/li>\n<li>No generan olor ni sabor al agua almacenada.<\/li>\n<li>F\u00e1cil de transportar.<\/li>\n<li>F\u00e1cil de instalar, no se necesitan herramientas especializadas.<\/li>\n<li>No incluye accesorios.<\/li>\n<li>Garant\u00eda de 10 a\u00f1os.<\/li>\n<\/ul>\n","protected":false},"excerpt":{"rendered":"<p>Medidas di\u00e1metro 90 cm, altura 140 cm. \u00danicas con capa antibacteriana. Tapa Click con cierre perfecto. M\u00e1s resistente, con nervaduras de refuerzo. Fabricadas en una sola pieza, sin filtraciones. No generan olor ni sabor al agua almacenada. F\u00e1cil de transportar. F\u00e1cil de instalar, no se necesitan herramientas especializadas. No incluye accesorios. Garant\u00eda de 10 a\u00f1os.<\/p>\n","protected":false},"featured_media":3413,"comment_status":"open","ping_status":"closed","template":"","meta":[],"product_brand":[],"product_cat":[152,150],"product_tag":[76],"class_list":{"0":"post-3407","1":"product","2":"type-product","3":"status-publish","4":"has-post-thumbnail","6":"product_cat-cisternas","7":"product_cat-tanques-de-agua","8":"product_tag-rotoplas","10":"first","11":"instock","12":"shipping-taxable","13":"purchasable","14":"product-type-simple"},"jetpack_sharing_enabled":true,"_links":{"self":[{"href":"https:\/\/cobin.com.ar\/index.php\/wp-json\/wp\/v2\/product\/3407","targetHints":{"allow":["GET"]}}],"collection":[{"href":"https:\/\/cobin.com.ar\/index.php\/wp-json\/wp\/v2\/product"}],"about":[{"href":"https:\/\/cobin.com.ar\/index.php\/wp-json\/wp\/v2\/types\/product"}],"replies":[{"embeddable":true,"href":"https:\/\/cobin.com.ar\/index.php\/wp-json\/wp\/v2\/comments?post=3407"}],"version-history":[{"count":1,"href":"https:\/\/cobin.com.ar\/index.php\/wp-json\/wp\/v2\/product\/3407\/revisions"}],"predecessor-version":[{"id":3414,"href":"https:\/\/cobin.com.ar\/index.php\/wp-json\/wp\/v2\/product\/3407\/revisions\/3414"}],"wp:featuredmedia":[{"embeddable":true,"href":"https:\/\/cobin.com.ar\/index.php\/wp-json\/wp\/v2\/media\/3413"}],"wp:attachment":[{"href":"https:\/\/cobin.com.ar\/index.php\/wp-json\/wp\/v2\/media?parent=3407"}],"wp:term":[{"taxonomy":"product_brand","embeddable":true,"href":"https:\/\/cobin.com.ar\/index.php\/wp-json\/wp\/v2\/product_brand?post=3407"},{"taxonomy":"product_cat","embeddable":true,"href":"https:\/\/cobin.com.ar\/index.php\/wp-json\/wp\/v2\/product_cat?post=3407"},{"taxonomy":"product_tag","embeddable":true,"href":"https:\/\/cobin.com.ar\/index.php\/wp-json\/wp\/v2\/product_tag?post=3407"}],"curies":[{"name":"wp","href":"https:\/\/api.w.org\/{rel}","templated":true}]}}