{"id":3402,"date":"2024-03-05T15:01:24","date_gmt":"2024-03-05T14:01:24","guid":{"rendered":"https:\/\/cobin.com.ar\/?post_type=product&#038;p=3402"},"modified":"2025-09-16T18:50:12","modified_gmt":"2025-09-16T16:50:12","slug":"tanque-rotoplas-1000-lts-tricapa-cisterna-modular","status":"publish","type":"product","link":"https:\/\/cobin.com.ar\/index.php\/producto\/tanque-rotoplas-1000-lts-tricapa-cisterna-modular\/","title":{"rendered":"Tanque Rotoplas 1000 Lts Tricapa Cisterna Modular"},"content":{"rendered":"<ul>\n<li>Medidas frente 110 cm, altura 110 cm, profundidad 110 cm.<\/li>\n<li>\u00fanicas con recubrimiento antibacteriano.<\/li>\n<li>Se entrega con v\u00e1lvula y flotante, control de nivel y dispositivo de acondicionamiento de agua.<\/li>\n<li>S\u00faper resistentes.<\/li>\n<li>Aptas para colocar bajo tierra.<\/li>\n<li>Fabricadas en una sola pieza.<\/li>\n<li>No generan olor ni sabor al agua almacenada.<\/li>\n<li>F\u00e1cil de transportar.<\/li>\n<li>Completamente equipadas con accesorios de alta calidad.<\/li>\n<li>F\u00e1cil de instalar, no se necesitan herramientas especializadas.<\/li>\n<li>Garant\u00eda de 10 a\u00f1os.<\/li>\n<\/ul>\n","protected":false},"excerpt":{"rendered":"<p>Medidas frente 110 cm, altura 110 cm, profundidad 110 cm. \u00fanicas con recubrimiento antibacteriano. Se entrega con v\u00e1lvula y flotante, control de nivel y dispositivo de acondicionamiento de agua. S\u00faper resistentes. Aptas para colocar bajo tierra. Fabricadas en una sola pieza. No generan olor ni sabor al agua almacenada. F\u00e1cil de transportar. Completamente equipadas con accesorios de alta calidad. F\u00e1cil de instalar, no se necesitan herramientas especializadas. Garant\u00eda de 10 a\u00f1os.<\/p>\n","protected":false},"featured_media":3403,"comment_status":"open","ping_status":"closed","template":"","meta":[],"product_brand":[],"product_cat":[152,150],"product_tag":[76],"class_list":{"0":"post-3402","1":"product","2":"type-product","3":"status-publish","4":"has-post-thumbnail","6":"product_cat-cisternas","7":"product_cat-tanques-de-agua","8":"product_tag-rotoplas","10":"first","11":"instock","12":"shipping-taxable","13":"purchasable","14":"product-type-simple"},"jetpack_sharing_enabled":true,"_links":{"self":[{"href":"https:\/\/cobin.com.ar\/index.php\/wp-json\/wp\/v2\/product\/3402","targetHints":{"allow":["GET"]}}],"collection":[{"href":"https:\/\/cobin.com.ar\/index.php\/wp-json\/wp\/v2\/product"}],"about":[{"href":"https:\/\/cobin.com.ar\/index.php\/wp-json\/wp\/v2\/types\/product"}],"replies":[{"embeddable":true,"href":"https:\/\/cobin.com.ar\/index.php\/wp-json\/wp\/v2\/comments?post=3402"}],"version-history":[{"count":1,"href":"https:\/\/cobin.com.ar\/index.php\/wp-json\/wp\/v2\/product\/3402\/revisions"}],"predecessor-version":[{"id":3404,"href":"https:\/\/cobin.com.ar\/index.php\/wp-json\/wp\/v2\/product\/3402\/revisions\/3404"}],"wp:featuredmedia":[{"embeddable":true,"href":"https:\/\/cobin.com.ar\/index.php\/wp-json\/wp\/v2\/media\/3403"}],"wp:attachment":[{"href":"https:\/\/cobin.com.ar\/index.php\/wp-json\/wp\/v2\/media?parent=3402"}],"wp:term":[{"taxonomy":"product_brand","embeddable":true,"href":"https:\/\/cobin.com.ar\/index.php\/wp-json\/wp\/v2\/product_brand?post=3402"},{"taxonomy":"product_cat","embeddable":true,"href":"https:\/\/cobin.com.ar\/index.php\/wp-json\/wp\/v2\/product_cat?post=3402"},{"taxonomy":"product_tag","embeddable":true,"href":"https:\/\/cobin.com.ar\/index.php\/wp-json\/wp\/v2\/product_tag?post=3402"}],"curies":[{"name":"wp","href":"https:\/\/api.w.org\/{rel}","templated":true}]}}