{"id":3280,"date":"2024-03-05T13:50:15","date_gmt":"2024-03-05T12:50:15","guid":{"rendered":"https:\/\/cobin.com.ar\/?post_type=product&#038;p=3280"},"modified":"2025-09-16T18:19:03","modified_gmt":"2025-09-16T16:19:03","slug":"eternit-tanque-xl-tricapa-500-l","status":"publish","type":"product","link":"https:\/\/cobin.com.ar\/index.php\/producto\/eternit-tanque-xl-tricapa-500-l\/","title":{"rendered":"Eternit Tanque XL Tricapa 500 L"},"content":{"rendered":"<p>El tanque XL es la soluci\u00f3n de excelente calidad para ser usado en exterior o interior en espacios angostos, permite su entrada en un s\u00f3tano o altillo . Su reducido di\u00e1metro permite pasar por el marco de una puerta. Este modelo proiriza practicidad y el espacio.<\/p>\n<p>&nbsp;<\/p>\n<p><strong>BENEFICIOS<\/strong><br \/>\n*Calidad<br \/>\n*Practicidad<br \/>\n*Dise\u00f1o<br \/>\n*Garant\u00eda de Calidad Eternit<\/p>\n<p>&nbsp;<\/p>\n<p><strong>APLICACIONES<\/strong><br \/>\nTanque domiciliario para espacios angostos, permite su entrada en un s\u00f3tano o altillo.<br \/>\nPasa por el marco de una puerta.<\/p>\n<p>&nbsp;<\/p>\n<p><strong>CAPACIDADES Y DIMENSIONES<\/strong><br \/>\n500 L: 750 mm di\u00e1metro x 1370 mm altura. Tricapa<\/p>\n","protected":false},"excerpt":{"rendered":"<ul>\n<li>Base de hierro reforzada y fibrocemento aliviando, construida en una sola pieza.<\/li>\n<li>Vida \u00fatil extensa de muchos a\u00f1os sin necesidad de ning\u00fan mantenimiento.<\/li>\n<li>Ofrece apoyo totalmente plano al fondo del tanque evitando as\u00ed la deformaci\u00f3n y rotura de este.<\/li>\n<\/ul>\n<div><\/div>\n<div align=\"center\">\n<div align=\"center\">\n<form id=\"form1\" action=\"https:\/\/www.tusta.com.ar\/producto.php?id_producto=1576&amp;%20Tanques%20de%20Agua%20Cl%C3%A1sico%20Eternit%20Eternit%20Tanque%20Tricapa%20300%20L%20con%20base\" method=\"post\" name=\"form1\">\n<div align=\"center\"><\/div>\n<\/form>\n<\/div>\n<\/div>\n<p>&nbsp;<\/p>\n","protected":false},"featured_media":3298,"comment_status":"open","ping_status":"closed","template":"","meta":[],"product_brand":[],"product_cat":[151,150],"product_tag":[70],"class_list":{"0":"post-3280","1":"product","2":"type-product","3":"status-publish","4":"has-post-thumbnail","6":"product_cat-clasicos","7":"product_cat-tanques-de-agua","8":"product_tag-eternit","10":"first","11":"instock","12":"shipping-taxable","13":"purchasable","14":"product-type-simple"},"jetpack_sharing_enabled":true,"_links":{"self":[{"href":"https:\/\/cobin.com.ar\/index.php\/wp-json\/wp\/v2\/product\/3280","targetHints":{"allow":["GET"]}}],"collection":[{"href":"https:\/\/cobin.com.ar\/index.php\/wp-json\/wp\/v2\/product"}],"about":[{"href":"https:\/\/cobin.com.ar\/index.php\/wp-json\/wp\/v2\/types\/product"}],"replies":[{"embeddable":true,"href":"https:\/\/cobin.com.ar\/index.php\/wp-json\/wp\/v2\/comments?post=3280"}],"version-history":[{"count":1,"href":"https:\/\/cobin.com.ar\/index.php\/wp-json\/wp\/v2\/product\/3280\/revisions"}],"predecessor-version":[{"id":3299,"href":"https:\/\/cobin.com.ar\/index.php\/wp-json\/wp\/v2\/product\/3280\/revisions\/3299"}],"wp:featuredmedia":[{"embeddable":true,"href":"https:\/\/cobin.com.ar\/index.php\/wp-json\/wp\/v2\/media\/3298"}],"wp:attachment":[{"href":"https:\/\/cobin.com.ar\/index.php\/wp-json\/wp\/v2\/media?parent=3280"}],"wp:term":[{"taxonomy":"product_brand","embeddable":true,"href":"https:\/\/cobin.com.ar\/index.php\/wp-json\/wp\/v2\/product_brand?post=3280"},{"taxonomy":"product_cat","embeddable":true,"href":"https:\/\/cobin.com.ar\/index.php\/wp-json\/wp\/v2\/product_cat?post=3280"},{"taxonomy":"product_tag","embeddable":true,"href":"https:\/\/cobin.com.ar\/index.php\/wp-json\/wp\/v2\/product_tag?post=3280"}],"curies":[{"name":"wp","href":"https:\/\/api.w.org\/{rel}","templated":true}]}}