{"id":3256,"date":"2024-03-05T13:43:21","date_gmt":"2024-03-05T12:43:21","guid":{"rendered":"https:\/\/cobin.com.ar\/?post_type=product&#038;p=3256"},"modified":"2025-09-16T18:19:16","modified_gmt":"2025-09-16T16:19:16","slug":"eternit-tanque-tricapa-500-l-con-base","status":"publish","type":"product","link":"https:\/\/cobin.com.ar\/index.php\/producto\/eternit-tanque-tricapa-500-l-con-base\/","title":{"rendered":"Eternit Tanque Tricapa 500 L con base"},"content":{"rendered":"<ul>\n<li>Medidas di\u00e1metro 87 cm, altura 100,5 cm.<\/li>\n<li>Fabricado con resina 100 % virgen.<\/li>\n<li>Tricapa, asegura la mejor protecci\u00f3n para el agua.<\/li>\n<li>Protecci\u00f3n UV<\/li>\n<li>Certificaci\u00f3n Iram.<\/li>\n<li>Reforzado, liviano y f\u00e1cil de instalar.<\/li>\n<li>Gran variedad de tama\u00f1os y formas.<\/li>\n<li>Equipado con accesorios de alta calidad, valvula y flotante, tapa a rosca y brida de descarga.<\/li>\n<li>El tanque de agua Eternit Cl\u00e1sico cuenta con la garant\u00eda oficial Eternit.<\/li>\n<\/ul>\n","protected":false},"excerpt":{"rendered":"<ul>\n<li>Base de hierro reforzada y fibrocemento aliviando, construida en una sola pieza.<\/li>\n<li>Vida \u00fatil extensa de muchos a\u00f1os sin necesidad de ning\u00fan mantenimiento.<\/li>\n<li>Ofrece apoyo totalmente plano al fondo del tanque evitando as\u00ed la deformaci\u00f3n y rotura de este.<\/li>\n<\/ul>\n","protected":false},"featured_media":3269,"comment_status":"open","ping_status":"closed","template":"","meta":[],"product_brand":[],"product_cat":[151,150],"product_tag":[70],"class_list":{"0":"post-3256","1":"product","2":"type-product","3":"status-publish","4":"has-post-thumbnail","6":"product_cat-clasicos","7":"product_cat-tanques-de-agua","8":"product_tag-eternit","10":"first","11":"instock","12":"shipping-taxable","13":"purchasable","14":"product-type-simple"},"jetpack_sharing_enabled":true,"_links":{"self":[{"href":"https:\/\/cobin.com.ar\/index.php\/wp-json\/wp\/v2\/product\/3256","targetHints":{"allow":["GET"]}}],"collection":[{"href":"https:\/\/cobin.com.ar\/index.php\/wp-json\/wp\/v2\/product"}],"about":[{"href":"https:\/\/cobin.com.ar\/index.php\/wp-json\/wp\/v2\/types\/product"}],"replies":[{"embeddable":true,"href":"https:\/\/cobin.com.ar\/index.php\/wp-json\/wp\/v2\/comments?post=3256"}],"version-history":[{"count":1,"href":"https:\/\/cobin.com.ar\/index.php\/wp-json\/wp\/v2\/product\/3256\/revisions"}],"predecessor-version":[{"id":3270,"href":"https:\/\/cobin.com.ar\/index.php\/wp-json\/wp\/v2\/product\/3256\/revisions\/3270"}],"wp:featuredmedia":[{"embeddable":true,"href":"https:\/\/cobin.com.ar\/index.php\/wp-json\/wp\/v2\/media\/3269"}],"wp:attachment":[{"href":"https:\/\/cobin.com.ar\/index.php\/wp-json\/wp\/v2\/media?parent=3256"}],"wp:term":[{"taxonomy":"product_brand","embeddable":true,"href":"https:\/\/cobin.com.ar\/index.php\/wp-json\/wp\/v2\/product_brand?post=3256"},{"taxonomy":"product_cat","embeddable":true,"href":"https:\/\/cobin.com.ar\/index.php\/wp-json\/wp\/v2\/product_cat?post=3256"},{"taxonomy":"product_tag","embeddable":true,"href":"https:\/\/cobin.com.ar\/index.php\/wp-json\/wp\/v2\/product_tag?post=3256"}],"curies":[{"name":"wp","href":"https:\/\/api.w.org\/{rel}","templated":true}]}}