{"id":3220,"date":"2024-03-05T13:31:33","date_gmt":"2024-03-05T12:31:33","guid":{"rendered":"https:\/\/cobin.com.ar\/?post_type=product&#038;p=3220"},"modified":"2025-09-17T18:10:52","modified_gmt":"2025-09-17T16:10:52","slug":"succion-antivortex-blanco-vulcano","status":"publish","type":"product","link":"https:\/\/cobin.com.ar\/index.php\/producto\/succion-antivortex-blanco-vulcano\/","title":{"rendered":"Succi\u00f3n antivortex blanco Vulcano"},"content":{"rendered":"<div align=\"center\">\n<div id=\"lodeladerecha\" align=\"left\">\n<div align=\"left\">\n<div align=\"center\">\n<div id=\"lodeladerecha\" align=\"left\">\n<div align=\"left\">Succi\u00f3n antivortex blanco Vulcano, con conexi\u00f3n de agua para pegar \u00f8 40mm. Su forma y distribuci\u00f3n de los puntos de succi\u00f3n, fueron pensados para que al ser obstruidos por el cuerpo del usuario garantice siempre el ingreso de agua y evite el efecto ventosa.<\/div>\n<\/div>\n<\/div>\n<\/div>\n<\/div>\n<\/div>\n","protected":false},"excerpt":{"rendered":"<p>Succi\u00f3n antivortex blanco Vulcano, con conexi\u00f3n de agua para pegar \u00f8 40mm. Su forma y distribuci\u00f3n de los puntos de succi\u00f3n, fueron pensados para que al ser obstruidos por el cuerpo del usuario garantice siempre el ingreso de agua y evite el efecto ventosa.<\/p>\n","protected":false},"featured_media":3228,"comment_status":"open","ping_status":"closed","template":"","meta":[],"product_brand":[],"product_cat":[146,119],"product_tag":[81],"class_list":{"0":"post-3220","1":"product","2":"type-product","3":"status-publish","4":"has-post-thumbnail","6":"product_cat-hidromasajes","7":"product_cat-piscina","8":"product_tag-vulcano","10":"first","11":"instock","12":"shipping-taxable","13":"product-type-simple"},"jetpack_sharing_enabled":true,"_links":{"self":[{"href":"https:\/\/cobin.com.ar\/index.php\/wp-json\/wp\/v2\/product\/3220","targetHints":{"allow":["GET"]}}],"collection":[{"href":"https:\/\/cobin.com.ar\/index.php\/wp-json\/wp\/v2\/product"}],"about":[{"href":"https:\/\/cobin.com.ar\/index.php\/wp-json\/wp\/v2\/types\/product"}],"replies":[{"embeddable":true,"href":"https:\/\/cobin.com.ar\/index.php\/wp-json\/wp\/v2\/comments?post=3220"}],"version-history":[{"count":1,"href":"https:\/\/cobin.com.ar\/index.php\/wp-json\/wp\/v2\/product\/3220\/revisions"}],"predecessor-version":[{"id":3229,"href":"https:\/\/cobin.com.ar\/index.php\/wp-json\/wp\/v2\/product\/3220\/revisions\/3229"}],"wp:featuredmedia":[{"embeddable":true,"href":"https:\/\/cobin.com.ar\/index.php\/wp-json\/wp\/v2\/media\/3228"}],"wp:attachment":[{"href":"https:\/\/cobin.com.ar\/index.php\/wp-json\/wp\/v2\/media?parent=3220"}],"wp:term":[{"taxonomy":"product_brand","embeddable":true,"href":"https:\/\/cobin.com.ar\/index.php\/wp-json\/wp\/v2\/product_brand?post=3220"},{"taxonomy":"product_cat","embeddable":true,"href":"https:\/\/cobin.com.ar\/index.php\/wp-json\/wp\/v2\/product_cat?post=3220"},{"taxonomy":"product_tag","embeddable":true,"href":"https:\/\/cobin.com.ar\/index.php\/wp-json\/wp\/v2\/product_tag?post=3220"}],"curies":[{"name":"wp","href":"https:\/\/api.w.org\/{rel}","templated":true}]}}