{"id":3210,"date":"2024-03-05T13:28:04","date_gmt":"2024-03-05T12:28:04","guid":{"rendered":"https:\/\/cobin.com.ar\/?post_type=product&#038;p=3210"},"modified":"2025-09-17T18:09:34","modified_gmt":"2025-09-17T16:09:34","slug":"hidromasajeador-blanco-f-v-1-1-2","status":"publish","type":"product","link":"https:\/\/cobin.com.ar\/index.php\/producto\/hidromasajeador-blanco-f-v-1-1-2\/","title":{"rendered":"Hidromasajeador Blanco F.V 1 1\/2&#8243; Vulcano"},"content":{"rendered":"<div align=\"center\">\n<div id=\"lodeladerecha\" align=\"left\">\n<div align=\"left\">Hidromasajeador para piscinas de fibra de vidrio, con aro desmontable blanco, y cuerpo con rosca macho de 1 1\/2&#8243;. Dise\u00f1ados especialmente para proporcionar al usuario una grata sensaci\u00f3n de bienestar y acci\u00f3n terap\u00e9utica, mediante un chorro o jet a presi\u00f3n que se puede combinar con aire, mediante un ca\u00f1o con sombrero venturi, o instalando una bomba sopladora.<\/div>\n<\/div>\n<\/div>\n","protected":false},"excerpt":{"rendered":"<p>Hidromasajeador para piscinas de fibra de vidrio, con aro desmontable blanco, y cuerpo con rosca macho de 1 1\/2&#8243;. Dise\u00f1ados especialmente para proporcionar al usuario una grata sensaci\u00f3n de bienestar y acci\u00f3n terap\u00e9utica, mediante un chorro o jet a presi\u00f3n que se puede combinar con aire, mediante un ca\u00f1o con sombrero venturi, o instalando una bomba sopladora.<\/p>\n","protected":false},"featured_media":3211,"comment_status":"open","ping_status":"closed","template":"","meta":[],"product_brand":[],"product_cat":[141,119],"product_tag":[81],"class_list":{"0":"post-3210","1":"product","2":"type-product","3":"status-publish","4":"has-post-thumbnail","6":"product_cat-hidromasajeadores","7":"product_cat-piscina","8":"product_tag-vulcano","10":"first","11":"instock","12":"shipping-taxable","13":"product-type-simple"},"jetpack_sharing_enabled":true,"_links":{"self":[{"href":"https:\/\/cobin.com.ar\/index.php\/wp-json\/wp\/v2\/product\/3210","targetHints":{"allow":["GET"]}}],"collection":[{"href":"https:\/\/cobin.com.ar\/index.php\/wp-json\/wp\/v2\/product"}],"about":[{"href":"https:\/\/cobin.com.ar\/index.php\/wp-json\/wp\/v2\/types\/product"}],"replies":[{"embeddable":true,"href":"https:\/\/cobin.com.ar\/index.php\/wp-json\/wp\/v2\/comments?post=3210"}],"version-history":[{"count":2,"href":"https:\/\/cobin.com.ar\/index.php\/wp-json\/wp\/v2\/product\/3210\/revisions"}],"predecessor-version":[{"id":5995,"href":"https:\/\/cobin.com.ar\/index.php\/wp-json\/wp\/v2\/product\/3210\/revisions\/5995"}],"wp:featuredmedia":[{"embeddable":true,"href":"https:\/\/cobin.com.ar\/index.php\/wp-json\/wp\/v2\/media\/3211"}],"wp:attachment":[{"href":"https:\/\/cobin.com.ar\/index.php\/wp-json\/wp\/v2\/media?parent=3210"}],"wp:term":[{"taxonomy":"product_brand","embeddable":true,"href":"https:\/\/cobin.com.ar\/index.php\/wp-json\/wp\/v2\/product_brand?post=3210"},{"taxonomy":"product_cat","embeddable":true,"href":"https:\/\/cobin.com.ar\/index.php\/wp-json\/wp\/v2\/product_cat?post=3210"},{"taxonomy":"product_tag","embeddable":true,"href":"https:\/\/cobin.com.ar\/index.php\/wp-json\/wp\/v2\/product_tag?post=3210"}],"curies":[{"name":"wp","href":"https:\/\/api.w.org\/{rel}","templated":true}]}}