{"id":3177,"date":"2024-03-05T13:00:19","date_gmt":"2024-03-05T12:00:19","guid":{"rendered":"https:\/\/cobin.com.ar\/?post_type=product&#038;p=3177"},"modified":"2025-09-17T18:04:03","modified_gmt":"2025-09-17T16:04:03","slug":"sacahojas-plastico-red-plano-o32-con-pala-vulcano","status":"publish","type":"product","link":"https:\/\/cobin.com.ar\/index.php\/producto\/sacahojas-plastico-red-plano-o32-con-pala-vulcano\/","title":{"rendered":"Sacahojas Pl\u00e1stico Red Plano \u00f832 con Pala Vulcano"},"content":{"rendered":"<p><strong>\u00a0<\/strong>Saca hojas pl\u00e1stico con red plana para mango de di\u00e1metro \u00f832 mm. Pensado para colectar impurezas de la superficie. Tiene el mango reforzado y una cu\u00f1a en forma de pala para hacer m\u00e1s sencilla la recolecci\u00f3n en el fondo de la piscina.<\/p>\n","protected":false},"excerpt":{"rendered":"<p>\u00a0Saca hojas pl\u00e1stico con red plana para mango de di\u00e1metro \u00f832 mm. Pensado para colectar impurezas de la superficie. Tiene el mango reforzado y una cu\u00f1a en forma de pala para hacer m\u00e1s sencilla la recolecci\u00f3n en el fondo de la piscina.<\/p>\n","protected":false},"featured_media":3184,"comment_status":"open","ping_status":"closed","template":"","meta":[],"product_brand":[],"product_cat":[119,135],"product_tag":[81],"class_list":{"0":"post-3177","1":"product","2":"type-product","3":"status-publish","4":"has-post-thumbnail","6":"product_cat-piscina","7":"product_cat-sacahojas","8":"product_tag-vulcano","10":"first","11":"instock","12":"shipping-taxable","13":"product-type-simple"},"jetpack_sharing_enabled":true,"_links":{"self":[{"href":"https:\/\/cobin.com.ar\/index.php\/wp-json\/wp\/v2\/product\/3177","targetHints":{"allow":["GET"]}}],"collection":[{"href":"https:\/\/cobin.com.ar\/index.php\/wp-json\/wp\/v2\/product"}],"about":[{"href":"https:\/\/cobin.com.ar\/index.php\/wp-json\/wp\/v2\/types\/product"}],"replies":[{"embeddable":true,"href":"https:\/\/cobin.com.ar\/index.php\/wp-json\/wp\/v2\/comments?post=3177"}],"version-history":[{"count":1,"href":"https:\/\/cobin.com.ar\/index.php\/wp-json\/wp\/v2\/product\/3177\/revisions"}],"predecessor-version":[{"id":3185,"href":"https:\/\/cobin.com.ar\/index.php\/wp-json\/wp\/v2\/product\/3177\/revisions\/3185"}],"wp:featuredmedia":[{"embeddable":true,"href":"https:\/\/cobin.com.ar\/index.php\/wp-json\/wp\/v2\/media\/3184"}],"wp:attachment":[{"href":"https:\/\/cobin.com.ar\/index.php\/wp-json\/wp\/v2\/media?parent=3177"}],"wp:term":[{"taxonomy":"product_brand","embeddable":true,"href":"https:\/\/cobin.com.ar\/index.php\/wp-json\/wp\/v2\/product_brand?post=3177"},{"taxonomy":"product_cat","embeddable":true,"href":"https:\/\/cobin.com.ar\/index.php\/wp-json\/wp\/v2\/product_cat?post=3177"},{"taxonomy":"product_tag","embeddable":true,"href":"https:\/\/cobin.com.ar\/index.php\/wp-json\/wp\/v2\/product_tag?post=3177"}],"curies":[{"name":"wp","href":"https:\/\/api.w.org\/{rel}","templated":true}]}}