{"id":3174,"date":"2024-03-05T13:00:13","date_gmt":"2024-03-05T12:00:13","guid":{"rendered":"https:\/\/cobin.com.ar\/?post_type=product&#038;p=3174"},"modified":"2025-09-17T18:03:57","modified_gmt":"2025-09-17T16:03:57","slug":"sacahojas-plastico-red-bolsa-19-mm-vulcano","status":"publish","type":"product","link":"https:\/\/cobin.com.ar\/index.php\/producto\/sacahojas-plastico-red-bolsa-19-mm-vulcano\/","title":{"rendered":"Sacahojas Pl\u00e1stico Red Bolsa 19 mm Vulcano"},"content":{"rendered":"<p>Sacahojas pl\u00e1stico con red bolsa para mango de di\u00e1metro 19 mm. Pensado para colectar impurezas del fondo de la piscina, tiene el mango reforzado, y un canto en forma de pala para hacer mas sencilla la recolecci\u00f3n.<\/p>\n","protected":false},"excerpt":{"rendered":"<p>Sacahojas pl\u00e1stico con red bolsa para mango de di\u00e1metro 19 mm. Pensado para colectar impurezas del fondo de la piscina, tiene el mango reforzado, y un canto en forma de pala para hacer mas sencilla la recolecci\u00f3n.<\/p>\n","protected":false},"featured_media":3178,"comment_status":"open","ping_status":"closed","template":"","meta":[],"product_brand":[],"product_cat":[119,135],"product_tag":[81],"class_list":{"0":"post-3174","1":"product","2":"type-product","3":"status-publish","4":"has-post-thumbnail","6":"product_cat-piscina","7":"product_cat-sacahojas","8":"product_tag-vulcano","10":"first","11":"instock","12":"shipping-taxable","13":"product-type-simple"},"jetpack_sharing_enabled":true,"_links":{"self":[{"href":"https:\/\/cobin.com.ar\/index.php\/wp-json\/wp\/v2\/product\/3174","targetHints":{"allow":["GET"]}}],"collection":[{"href":"https:\/\/cobin.com.ar\/index.php\/wp-json\/wp\/v2\/product"}],"about":[{"href":"https:\/\/cobin.com.ar\/index.php\/wp-json\/wp\/v2\/types\/product"}],"replies":[{"embeddable":true,"href":"https:\/\/cobin.com.ar\/index.php\/wp-json\/wp\/v2\/comments?post=3174"}],"version-history":[{"count":1,"href":"https:\/\/cobin.com.ar\/index.php\/wp-json\/wp\/v2\/product\/3174\/revisions"}],"predecessor-version":[{"id":3179,"href":"https:\/\/cobin.com.ar\/index.php\/wp-json\/wp\/v2\/product\/3174\/revisions\/3179"}],"wp:featuredmedia":[{"embeddable":true,"href":"https:\/\/cobin.com.ar\/index.php\/wp-json\/wp\/v2\/media\/3178"}],"wp:attachment":[{"href":"https:\/\/cobin.com.ar\/index.php\/wp-json\/wp\/v2\/media?parent=3174"}],"wp:term":[{"taxonomy":"product_brand","embeddable":true,"href":"https:\/\/cobin.com.ar\/index.php\/wp-json\/wp\/v2\/product_brand?post=3174"},{"taxonomy":"product_cat","embeddable":true,"href":"https:\/\/cobin.com.ar\/index.php\/wp-json\/wp\/v2\/product_cat?post=3174"},{"taxonomy":"product_tag","embeddable":true,"href":"https:\/\/cobin.com.ar\/index.php\/wp-json\/wp\/v2\/product_tag?post=3174"}],"curies":[{"name":"wp","href":"https:\/\/api.w.org\/{rel}","templated":true}]}}