{"id":3130,"date":"2024-03-04T22:36:24","date_gmt":"2024-03-04T21:36:24","guid":{"rendered":"https:\/\/cobin.com.ar\/?post_type=product&#038;p=3130"},"modified":"2025-09-17T17:59:03","modified_gmt":"2025-09-17T15:59:03","slug":"retorno-aro-fijo-fv-pegar-o50-vulcano","status":"publish","type":"product","link":"https:\/\/cobin.com.ar\/index.php\/producto\/retorno-aro-fijo-fv-pegar-o50-vulcano\/","title":{"rendered":"Retorno Aro Fijo FV Pegar \u00f850 Vulcano"},"content":{"rendered":"<div align=\"center\">\n<div id=\"lodeladerecha\" align=\"left\">\n<div align=\"left\">Retorno orientable para piscinas de fibra de vidrio, con aro fijo blanco, cuerpo de \u00f8 50mm para pegar, y boquilla esf\u00e9rica con pico de \u00f8 19mm. Instalados por debajo del nivel de agua, han sido dise\u00f1ados para producir flujo en direcci\u00f3n al skimmer o toma de fondo, y as\u00ed favorecer al filtrado y limpieza de la pileta.<\/div>\n<\/div>\n<\/div>\n","protected":false},"excerpt":{"rendered":"<p>Retorno orientable para piscinas de fibra de vidrio, con aro fijo blanco, cuerpo de \u00f8 50mm para pegar, y boquilla esf\u00e9rica con pico de \u00f8 19mm. Instalados por debajo del nivel de agua, han sido dise\u00f1ados para producir flujo en direcci\u00f3n al skimmer o toma de fondo, y as\u00ed favorecer al filtrado y limpieza de la pileta.<\/p>\n","protected":false},"featured_media":3137,"comment_status":"open","ping_status":"closed","template":"","meta":[],"product_brand":[],"product_cat":[119,132],"product_tag":[81],"class_list":{"0":"post-3130","1":"product","2":"type-product","3":"status-publish","4":"has-post-thumbnail","6":"product_cat-piscina","7":"product_cat-retornos","8":"product_tag-vulcano","10":"first","11":"instock","12":"shipping-taxable","13":"product-type-simple"},"jetpack_sharing_enabled":true,"_links":{"self":[{"href":"https:\/\/cobin.com.ar\/index.php\/wp-json\/wp\/v2\/product\/3130","targetHints":{"allow":["GET"]}}],"collection":[{"href":"https:\/\/cobin.com.ar\/index.php\/wp-json\/wp\/v2\/product"}],"about":[{"href":"https:\/\/cobin.com.ar\/index.php\/wp-json\/wp\/v2\/types\/product"}],"replies":[{"embeddable":true,"href":"https:\/\/cobin.com.ar\/index.php\/wp-json\/wp\/v2\/comments?post=3130"}],"version-history":[{"count":1,"href":"https:\/\/cobin.com.ar\/index.php\/wp-json\/wp\/v2\/product\/3130\/revisions"}],"predecessor-version":[{"id":3138,"href":"https:\/\/cobin.com.ar\/index.php\/wp-json\/wp\/v2\/product\/3130\/revisions\/3138"}],"wp:featuredmedia":[{"embeddable":true,"href":"https:\/\/cobin.com.ar\/index.php\/wp-json\/wp\/v2\/media\/3137"}],"wp:attachment":[{"href":"https:\/\/cobin.com.ar\/index.php\/wp-json\/wp\/v2\/media?parent=3130"}],"wp:term":[{"taxonomy":"product_brand","embeddable":true,"href":"https:\/\/cobin.com.ar\/index.php\/wp-json\/wp\/v2\/product_brand?post=3130"},{"taxonomy":"product_cat","embeddable":true,"href":"https:\/\/cobin.com.ar\/index.php\/wp-json\/wp\/v2\/product_cat?post=3130"},{"taxonomy":"product_tag","embeddable":true,"href":"https:\/\/cobin.com.ar\/index.php\/wp-json\/wp\/v2\/product_tag?post=3130"}],"curies":[{"name":"wp","href":"https:\/\/api.w.org\/{rel}","templated":true}]}}