{"id":3087,"date":"2024-03-04T22:24:27","date_gmt":"2024-03-04T21:24:27","guid":{"rendered":"https:\/\/cobin.com.ar\/?post_type=product&#038;p=3087"},"modified":"2025-09-17T17:56:39","modified_gmt":"2025-09-17T15:56:39","slug":"limpiafondo-inalambrico-zuipy-vulcano","status":"publish","type":"product","link":"https:\/\/cobin.com.ar\/index.php\/producto\/limpiafondo-inalambrico-zuipy-vulcano\/","title":{"rendered":"Limpiafondo Inal\u00e1mbrico Zuipy Vulcano"},"content":{"rendered":"<ul>\n<li>Limpiafondo inal\u00e1mbrico recargable ideal para piletas peque\u00f1as y spas.<\/li>\n<li>Presenta un innovador sistema de encendido autom\u00e1tico, que prende al entrar en contacto con el agua.<\/li>\n<li>Incluye una bater\u00eda de Litio, que se recarga por medio de un cable USB, y que proporciona una autonom\u00eda de 30 minutos a m\u00e1xima potencia.<\/li>\n<li>Incluye mango de aluminio de 5 tramos.<\/li>\n<\/ul>\n","protected":false},"excerpt":{"rendered":"<p>Limpiafondo inal\u00e1mbrico recargable ideal para piletas peque\u00f1as y spas. Presenta un innovador sistema de encendido autom\u00e1tico, que prende al entrar en contacto con el agua. Incluye una bater\u00eda de Litio, que se recarga por medio de un cable USB, y que proporciona una autonom\u00eda de 30 minutos a m\u00e1xima potencia. Incluye mango de aluminio de 5 tramos.<\/p>\n","protected":false},"featured_media":3099,"comment_status":"open","ping_status":"closed","template":"","meta":[],"product_brand":[],"product_cat":[129,119],"product_tag":[81],"class_list":{"0":"post-3087","1":"product","2":"type-product","3":"status-publish","4":"has-post-thumbnail","6":"product_cat-limpiafondos","7":"product_cat-piscina","8":"product_tag-vulcano","10":"first","11":"instock","12":"shipping-taxable","13":"product-type-simple"},"jetpack_sharing_enabled":true,"_links":{"self":[{"href":"https:\/\/cobin.com.ar\/index.php\/wp-json\/wp\/v2\/product\/3087","targetHints":{"allow":["GET"]}}],"collection":[{"href":"https:\/\/cobin.com.ar\/index.php\/wp-json\/wp\/v2\/product"}],"about":[{"href":"https:\/\/cobin.com.ar\/index.php\/wp-json\/wp\/v2\/types\/product"}],"replies":[{"embeddable":true,"href":"https:\/\/cobin.com.ar\/index.php\/wp-json\/wp\/v2\/comments?post=3087"}],"version-history":[{"count":1,"href":"https:\/\/cobin.com.ar\/index.php\/wp-json\/wp\/v2\/product\/3087\/revisions"}],"predecessor-version":[{"id":3100,"href":"https:\/\/cobin.com.ar\/index.php\/wp-json\/wp\/v2\/product\/3087\/revisions\/3100"}],"wp:featuredmedia":[{"embeddable":true,"href":"https:\/\/cobin.com.ar\/index.php\/wp-json\/wp\/v2\/media\/3099"}],"wp:attachment":[{"href":"https:\/\/cobin.com.ar\/index.php\/wp-json\/wp\/v2\/media?parent=3087"}],"wp:term":[{"taxonomy":"product_brand","embeddable":true,"href":"https:\/\/cobin.com.ar\/index.php\/wp-json\/wp\/v2\/product_brand?post=3087"},{"taxonomy":"product_cat","embeddable":true,"href":"https:\/\/cobin.com.ar\/index.php\/wp-json\/wp\/v2\/product_cat?post=3087"},{"taxonomy":"product_tag","embeddable":true,"href":"https:\/\/cobin.com.ar\/index.php\/wp-json\/wp\/v2\/product_tag?post=3087"}],"curies":[{"name":"wp","href":"https:\/\/api.w.org\/{rel}","templated":true}]}}