{"id":3028,"date":"2024-03-04T22:04:51","date_gmt":"2024-03-04T21:04:51","guid":{"rendered":"https:\/\/cobin.com.ar\/?post_type=product&#038;p=3028"},"modified":"2025-09-17T17:53:07","modified_gmt":"2025-09-17T15:53:07","slug":"anclaje-para-escalera-pasamano-vulcano","status":"publish","type":"product","link":"https:\/\/cobin.com.ar\/index.php\/producto\/anclaje-para-escalera-pasamano-vulcano\/","title":{"rendered":"Anclaje para Escalera &#8211; Pasamano Vulcano"},"content":{"rendered":"<div align=\"center\">\n<div id=\"lodeladerecha\" align=\"left\">\n<ul>\n<li>Anclaje de polipropileno con fibra de vidrio.<\/li>\n<li>Para su seguridad, disponen de borne de conexi\u00f3n a tierra.<\/li>\n<li>Su sistema permite una correcta sujeci\u00f3n al piso con excelente terminaci\u00f3n, debido a que incluye un Aro vista en acero inoxidable con terminaci\u00f3n pulido brillante.<\/li>\n<\/ul>\n<\/div>\n<\/div>\n","protected":false},"excerpt":{"rendered":"<p>Anclaje de polipropileno con fibra de vidrio. Para su seguridad, disponen de borne de conexi\u00f3n a tierra. Su sistema permite una correcta sujeci\u00f3n al piso con excelente terminaci\u00f3n, debido a que incluye un Aro vista en acero inoxidable con terminaci\u00f3n pulido brillante.<\/p>\n","protected":false},"featured_media":3041,"comment_status":"open","ping_status":"closed","template":"","meta":[],"product_brand":[],"product_cat":[125,119],"product_tag":[81],"class_list":{"0":"post-3028","1":"product","2":"type-product","3":"status-publish","4":"has-post-thumbnail","6":"product_cat-escaleras","7":"product_cat-piscina","8":"product_tag-vulcano","10":"first","11":"instock","12":"shipping-taxable","13":"product-type-simple"},"jetpack_sharing_enabled":true,"_links":{"self":[{"href":"https:\/\/cobin.com.ar\/index.php\/wp-json\/wp\/v2\/product\/3028","targetHints":{"allow":["GET"]}}],"collection":[{"href":"https:\/\/cobin.com.ar\/index.php\/wp-json\/wp\/v2\/product"}],"about":[{"href":"https:\/\/cobin.com.ar\/index.php\/wp-json\/wp\/v2\/types\/product"}],"replies":[{"embeddable":true,"href":"https:\/\/cobin.com.ar\/index.php\/wp-json\/wp\/v2\/comments?post=3028"}],"version-history":[{"count":1,"href":"https:\/\/cobin.com.ar\/index.php\/wp-json\/wp\/v2\/product\/3028\/revisions"}],"predecessor-version":[{"id":3042,"href":"https:\/\/cobin.com.ar\/index.php\/wp-json\/wp\/v2\/product\/3028\/revisions\/3042"}],"wp:featuredmedia":[{"embeddable":true,"href":"https:\/\/cobin.com.ar\/index.php\/wp-json\/wp\/v2\/media\/3041"}],"wp:attachment":[{"href":"https:\/\/cobin.com.ar\/index.php\/wp-json\/wp\/v2\/media?parent=3028"}],"wp:term":[{"taxonomy":"product_brand","embeddable":true,"href":"https:\/\/cobin.com.ar\/index.php\/wp-json\/wp\/v2\/product_brand?post=3028"},{"taxonomy":"product_cat","embeddable":true,"href":"https:\/\/cobin.com.ar\/index.php\/wp-json\/wp\/v2\/product_cat?post=3028"},{"taxonomy":"product_tag","embeddable":true,"href":"https:\/\/cobin.com.ar\/index.php\/wp-json\/wp\/v2\/product_tag?post=3028"}],"curies":[{"name":"wp","href":"https:\/\/api.w.org\/{rel}","templated":true}]}}