{"id":3004,"date":"2024-03-04T21:57:12","date_gmt":"2024-03-04T20:57:12","guid":{"rendered":"https:\/\/cobin.com.ar\/?post_type=product&#038;p=3004"},"modified":"2025-09-17T17:51:47","modified_gmt":"2025-09-17T15:51:47","slug":"manguera-flotante-bicolor-1-1-4-x-10-metros-vulcano","status":"publish","type":"product","link":"https:\/\/cobin.com.ar\/index.php\/producto\/manguera-flotante-bicolor-1-1-4-x-10-metros-vulcano\/","title":{"rendered":"Manguera Flotante bicolor 1 1\/4 \u00bb x 10 metros Vulcano"},"content":{"rendered":"<ul>\n<li>Aplicaci\u00f3n en succi\u00f3n de barrefondo y en canales de desag\u00fces.<\/li>\n<li>Adecuada para piscinas domesticas.<\/li>\n<li>Excelente flexibilidad.<\/li>\n<li>Se presenta en rollos de 30 mts.<\/li>\n<li>Fabricadas con material virgen, garantiza una excelente vida \u00fatil.<\/li>\n<li>Gran resistencia a la abrasi\u00f3n.<\/li>\n<\/ul>\n","protected":false},"excerpt":{"rendered":"<p>Aplicaci\u00f3n en succi\u00f3n de barrefondo y en canales de desag\u00fces. Adecuada para piscinas domesticas. Excelente flexibilidad. Se presenta en rollos de 30 mts. Fabricadas con material virgen, garantiza una excelente vida \u00fatil. Gran resistencia a la abrasi\u00f3n.<\/p>\n","protected":false},"featured_media":3010,"comment_status":"open","ping_status":"closed","template":"","meta":[],"product_brand":[],"product_cat":[124,119],"product_tag":[81],"class_list":{"0":"post-3004","1":"product","2":"type-product","3":"status-publish","4":"has-post-thumbnail","6":"product_cat-mangueras","7":"product_cat-piscina","8":"product_tag-vulcano","10":"first","11":"instock","12":"shipping-taxable","13":"product-type-simple"},"jetpack_sharing_enabled":true,"_links":{"self":[{"href":"https:\/\/cobin.com.ar\/index.php\/wp-json\/wp\/v2\/product\/3004","targetHints":{"allow":["GET"]}}],"collection":[{"href":"https:\/\/cobin.com.ar\/index.php\/wp-json\/wp\/v2\/product"}],"about":[{"href":"https:\/\/cobin.com.ar\/index.php\/wp-json\/wp\/v2\/types\/product"}],"replies":[{"embeddable":true,"href":"https:\/\/cobin.com.ar\/index.php\/wp-json\/wp\/v2\/comments?post=3004"}],"version-history":[{"count":2,"href":"https:\/\/cobin.com.ar\/index.php\/wp-json\/wp\/v2\/product\/3004\/revisions"}],"predecessor-version":[{"id":3012,"href":"https:\/\/cobin.com.ar\/index.php\/wp-json\/wp\/v2\/product\/3004\/revisions\/3012"}],"wp:featuredmedia":[{"embeddable":true,"href":"https:\/\/cobin.com.ar\/index.php\/wp-json\/wp\/v2\/media\/3010"}],"wp:attachment":[{"href":"https:\/\/cobin.com.ar\/index.php\/wp-json\/wp\/v2\/media?parent=3004"}],"wp:term":[{"taxonomy":"product_brand","embeddable":true,"href":"https:\/\/cobin.com.ar\/index.php\/wp-json\/wp\/v2\/product_brand?post=3004"},{"taxonomy":"product_cat","embeddable":true,"href":"https:\/\/cobin.com.ar\/index.php\/wp-json\/wp\/v2\/product_cat?post=3004"},{"taxonomy":"product_tag","embeddable":true,"href":"https:\/\/cobin.com.ar\/index.php\/wp-json\/wp\/v2\/product_tag?post=3004"}],"curies":[{"name":"wp","href":"https:\/\/api.w.org\/{rel}","templated":true}]}}