{"id":2931,"date":"2024-03-04T21:03:02","date_gmt":"2024-03-04T20:03:02","guid":{"rendered":"https:\/\/cobin.com.ar\/?post_type=product&#038;p=2931"},"modified":"2025-09-17T16:47:32","modified_gmt":"2025-09-17T14:47:32","slug":"mango-telescopico-liso-24-m-vulcano","status":"publish","type":"product","link":"https:\/\/cobin.com.ar\/index.php\/producto\/mango-telescopico-liso-24-m-vulcano\/","title":{"rendered":"Mango Telesc\u00f3pico Liso 2,4 m Vulcano"},"content":{"rendered":"<ul>\n<li>Mango telesc\u00f3pico de aluminio anodizado liso.<\/li>\n<li>Indicado para acoplarse en sacahojas de 32 mm, barrefondos y cepillos.<\/li>\n<li>Apropiado para piscinas con profundidad m\u00e1xima de 1,2 mts y ancho no mayor a 2 mts.<\/li>\n<li>Excelente resistencia mec\u00e1nica.<\/li>\n<li>Posee un sistema telesc\u00f3pico de gran resistencia y efectividad.<\/li>\n<li>Regulaci\u00f3n simple debido al sistema de tuerca y boquilla.<\/li>\n<\/ul>\n","protected":false},"excerpt":{"rendered":"<p>Mango telesc\u00f3pico de aluminio anodizado liso. Indicado para acoplarse en sacahojas de 32 mm, barrefondos y cepillos. Apropiado para piscinas con profundidad m\u00e1xima de 1,2 mts y ancho no mayor a 2 mts. Excelente resistencia mec\u00e1nica. Posee un sistema telesc\u00f3pico de gran resistencia y efectividad. Regulaci\u00f3n simple debido al sistema de tuerca y boquilla.<\/p>\n","protected":false},"featured_media":2932,"comment_status":"open","ping_status":"closed","template":"","meta":[],"product_brand":[],"product_cat":[122,119],"product_tag":[81],"class_list":{"0":"post-2931","1":"product","2":"type-product","3":"status-publish","4":"has-post-thumbnail","6":"product_cat-mangos","7":"product_cat-piscina","8":"product_tag-vulcano","10":"first","11":"instock","12":"shipping-taxable","13":"product-type-simple"},"jetpack_sharing_enabled":true,"_links":{"self":[{"href":"https:\/\/cobin.com.ar\/index.php\/wp-json\/wp\/v2\/product\/2931","targetHints":{"allow":["GET"]}}],"collection":[{"href":"https:\/\/cobin.com.ar\/index.php\/wp-json\/wp\/v2\/product"}],"about":[{"href":"https:\/\/cobin.com.ar\/index.php\/wp-json\/wp\/v2\/types\/product"}],"replies":[{"embeddable":true,"href":"https:\/\/cobin.com.ar\/index.php\/wp-json\/wp\/v2\/comments?post=2931"}],"version-history":[{"count":1,"href":"https:\/\/cobin.com.ar\/index.php\/wp-json\/wp\/v2\/product\/2931\/revisions"}],"predecessor-version":[{"id":2938,"href":"https:\/\/cobin.com.ar\/index.php\/wp-json\/wp\/v2\/product\/2931\/revisions\/2938"}],"wp:featuredmedia":[{"embeddable":true,"href":"https:\/\/cobin.com.ar\/index.php\/wp-json\/wp\/v2\/media\/2932"}],"wp:attachment":[{"href":"https:\/\/cobin.com.ar\/index.php\/wp-json\/wp\/v2\/media?parent=2931"}],"wp:term":[{"taxonomy":"product_brand","embeddable":true,"href":"https:\/\/cobin.com.ar\/index.php\/wp-json\/wp\/v2\/product_brand?post=2931"},{"taxonomy":"product_cat","embeddable":true,"href":"https:\/\/cobin.com.ar\/index.php\/wp-json\/wp\/v2\/product_cat?post=2931"},{"taxonomy":"product_tag","embeddable":true,"href":"https:\/\/cobin.com.ar\/index.php\/wp-json\/wp\/v2\/product_tag?post=2931"}],"curies":[{"name":"wp","href":"https:\/\/api.w.org\/{rel}","templated":true}]}}