{"id":2882,"date":"2024-03-04T19:43:04","date_gmt":"2024-03-04T18:43:04","guid":{"rendered":"https:\/\/cobin.com.ar\/?post_type=product&#038;p=2882"},"modified":"2025-09-17T15:38:08","modified_gmt":"2025-09-17T13:38:08","slug":"filtro-vc-20-soplado-vulcano","status":"publish","type":"product","link":"https:\/\/cobin.com.ar\/index.php\/producto\/filtro-vc-20-soplado-vulcano\/","title":{"rendered":"Filtro VC 20 Soplado Vulcano"},"content":{"rendered":"<ul>\n<li>Di\u00e1metro de 360 mm.<\/li>\n<li>Para piletas de hasta 35m.<\/li>\n<li>Con multiv\u00e1lvula selectora de 6 v\u00edas con las funciones de filtrado, retrolavado, desagote, enjuague, centrifugado y cerrado.<\/li>\n<li>Fabricados en una sola pieza y con materiales de alta resistencia a la corrosi\u00f3n, \u00e9stos equipos de filtrado garantizan una larga vida \u00fatil de \u00f3ptimo funcionamiento.<\/li>\n<\/ul>\n","protected":false},"excerpt":{"rendered":"<p>Di\u00e1metro de 360 mm. Para piletas de hasta 35m. Con multiv\u00e1lvula selectora de 6 v\u00edas con las funciones de filtrado, retrolavado, desagote, enjuague, centrifugado y cerrado. Fabricados en una sola pieza y con materiales de alta resistencia a la corrosi\u00f3n, \u00e9stos equipos de filtrado garantizan una larga vida \u00fatil de \u00f3ptimo funcionamiento.<\/p>\n","protected":false},"featured_media":2894,"comment_status":"open","ping_status":"closed","template":"","meta":[],"product_brand":[],"product_cat":[120],"product_tag":[81],"class_list":{"0":"post-2882","1":"product","2":"type-product","3":"status-publish","4":"has-post-thumbnail","6":"product_cat-filtros","7":"product_tag-vulcano","9":"first","10":"instock","11":"shipping-taxable","12":"product-type-simple"},"jetpack_sharing_enabled":true,"_links":{"self":[{"href":"https:\/\/cobin.com.ar\/index.php\/wp-json\/wp\/v2\/product\/2882","targetHints":{"allow":["GET"]}}],"collection":[{"href":"https:\/\/cobin.com.ar\/index.php\/wp-json\/wp\/v2\/product"}],"about":[{"href":"https:\/\/cobin.com.ar\/index.php\/wp-json\/wp\/v2\/types\/product"}],"replies":[{"embeddable":true,"href":"https:\/\/cobin.com.ar\/index.php\/wp-json\/wp\/v2\/comments?post=2882"}],"version-history":[{"count":1,"href":"https:\/\/cobin.com.ar\/index.php\/wp-json\/wp\/v2\/product\/2882\/revisions"}],"predecessor-version":[{"id":2895,"href":"https:\/\/cobin.com.ar\/index.php\/wp-json\/wp\/v2\/product\/2882\/revisions\/2895"}],"wp:featuredmedia":[{"embeddable":true,"href":"https:\/\/cobin.com.ar\/index.php\/wp-json\/wp\/v2\/media\/2894"}],"wp:attachment":[{"href":"https:\/\/cobin.com.ar\/index.php\/wp-json\/wp\/v2\/media?parent=2882"}],"wp:term":[{"taxonomy":"product_brand","embeddable":true,"href":"https:\/\/cobin.com.ar\/index.php\/wp-json\/wp\/v2\/product_brand?post=2882"},{"taxonomy":"product_cat","embeddable":true,"href":"https:\/\/cobin.com.ar\/index.php\/wp-json\/wp\/v2\/product_cat?post=2882"},{"taxonomy":"product_tag","embeddable":true,"href":"https:\/\/cobin.com.ar\/index.php\/wp-json\/wp\/v2\/product_tag?post=2882"}],"curies":[{"name":"wp","href":"https:\/\/api.w.org\/{rel}","templated":true}]}}