{"id":2765,"date":"2024-02-28T18:04:57","date_gmt":"2024-02-28T17:04:57","guid":{"rendered":"https:\/\/cobin.com.ar\/?post_type=product&#038;p=2765"},"modified":"2025-09-30T18:41:27","modified_gmt":"2025-09-30T16:41:27","slug":"cocina-industrial-acero-inoxidable-corbelli-cf-90","status":"publish","type":"product","link":"https:\/\/cobin.com.ar\/index.php\/producto\/cocina-industrial-acero-inoxidable-corbelli-cf-90\/","title":{"rendered":"Cocina Industrial Acero Inoxidable Corbelli CF 90"},"content":{"rendered":"<ul>\n<li>Rejillas y tapas de quemadores: Hierro fundido esmaltado con tratamiento termorresistente.<\/li>\n<li>Horno: Piso en tejuelas refractarias, puerta con resorte industrial y burlete siliconado, v\u00e1lvula de seguridad, quemador longitudinal de acero inoxidable, pir\u00f3metro indicador de la temperatura y aislaci\u00f3n del exterior mediante vrac, accesorios: 2 rejillas.<\/li>\n<\/ul>\n","protected":false},"excerpt":{"rendered":"<ul>\n<li>Medidas: alto 85 cm, ancho 90 cm, profundidad 62 cm.<\/li>\n<li>Potencia: hornallas 2800 Kcal, estrella 4000 Kcal, horno 7000 Kcal.<\/li>\n<li>Conexi\u00f3n: Gas \u00d8 1\/2\u00b4.<\/li>\n<li>Funcionamiento: gas natural o envasado.<\/li>\n<li>Exterior: Acero inoxidable calidad AISI 430 esmerilado de 1 mm.<\/li>\n<\/ul>\n","protected":false},"featured_media":2768,"comment_status":"open","ping_status":"closed","template":"","meta":[],"product_brand":[],"product_cat":[99,208,100],"product_tag":[69],"class_list":{"0":"post-2765","1":"product","2":"type-product","3":"status-publish","4":"has-post-thumbnail","6":"product_cat-cocinas","7":"product_cat-cocinas-cf","8":"product_cat-gas","9":"product_tag-corbelli","11":"first","12":"instock","13":"shipping-taxable","14":"purchasable","15":"product-type-simple"},"jetpack_sharing_enabled":true,"_links":{"self":[{"href":"https:\/\/cobin.com.ar\/index.php\/wp-json\/wp\/v2\/product\/2765","targetHints":{"allow":["GET"]}}],"collection":[{"href":"https:\/\/cobin.com.ar\/index.php\/wp-json\/wp\/v2\/product"}],"about":[{"href":"https:\/\/cobin.com.ar\/index.php\/wp-json\/wp\/v2\/types\/product"}],"replies":[{"embeddable":true,"href":"https:\/\/cobin.com.ar\/index.php\/wp-json\/wp\/v2\/comments?post=2765"}],"version-history":[{"count":1,"href":"https:\/\/cobin.com.ar\/index.php\/wp-json\/wp\/v2\/product\/2765\/revisions"}],"predecessor-version":[{"id":5859,"href":"https:\/\/cobin.com.ar\/index.php\/wp-json\/wp\/v2\/product\/2765\/revisions\/5859"}],"wp:featuredmedia":[{"embeddable":true,"href":"https:\/\/cobin.com.ar\/index.php\/wp-json\/wp\/v2\/media\/2768"}],"wp:attachment":[{"href":"https:\/\/cobin.com.ar\/index.php\/wp-json\/wp\/v2\/media?parent=2765"}],"wp:term":[{"taxonomy":"product_brand","embeddable":true,"href":"https:\/\/cobin.com.ar\/index.php\/wp-json\/wp\/v2\/product_brand?post=2765"},{"taxonomy":"product_cat","embeddable":true,"href":"https:\/\/cobin.com.ar\/index.php\/wp-json\/wp\/v2\/product_cat?post=2765"},{"taxonomy":"product_tag","embeddable":true,"href":"https:\/\/cobin.com.ar\/index.php\/wp-json\/wp\/v2\/product_tag?post=2765"}],"curies":[{"name":"wp","href":"https:\/\/api.w.org\/{rel}","templated":true}]}}