{"id":2622,"date":"2024-02-26T20:30:35","date_gmt":"2024-02-26T19:30:35","guid":{"rendered":"https:\/\/cobin.com.ar\/?post_type=product&#038;p=2622"},"modified":"2025-09-16T17:34:50","modified_gmt":"2025-09-16T15:34:50","slug":"calefon-14-l-tiro-natural-automatico-gn-senorial","status":"publish","type":"product","link":"https:\/\/cobin.com.ar\/index.php\/producto\/calefon-14-l-tiro-natural-automatico-gn-senorial\/","title":{"rendered":"Calef\u00f3n 14 L Tiro Natural Autom\u00e1tico GN Se\u00f1orial"},"content":{"rendered":"<p>&#8211; Agua caliente en todo momento.<br \/>\n&#8211; Capacidad 14 L por minuto con delta de 20\u00b0C.<br \/>\n&#8211; Eficiencia energ\u00e9tica \u201cA\u201d.<br \/>\n&#8211; Regulador de temperatura por perilla de mayor exactitud y confort.<br \/>\n&#8211; Radiador de cobre esta\u00f1ado que otorga protecci\u00f3n extra al producto y aumenta su vida \u00fatil.<br \/>\n&#8211; F\u00e1cil instalaci\u00f3n.<br \/>\n&#8211; Triple sistema de seguridad:<br \/>\n&#8211; Interrupci\u00f3n del paso del gas ante la ausencia de llama.<br \/>\n&#8211; Apagado autom\u00e1tico ante un aumento excesivo de temperatura en el agua, evitando quemaduras y prolongando la vida \u00fatil del producto.<br \/>\n&#8211; Apagado autom\u00e1tico ante una mala evacuaci\u00f3n de gases de la combusti\u00f3n, evitando contaminar el ambiente.<br \/>\n&#8211; Tiro Natural.<br \/>\n&#8211; Garant\u00eda: 1 a\u00f1o.<br \/>\n&#8211; Color: Blanco.<\/p>\n<p><strong>Medidas:<\/strong><br \/>\nAltura 745 mm<br \/>\nAncho 380 mm<\/p>\n","protected":false},"excerpt":{"rendered":"<ul>\n<li>Agua caliente en todo momento.<\/li>\n<li>Capacidad 14 L por minuto con delta de 20\u00b0C.<\/li>\n<li>Eficiencia energ\u00e9tica \u201cA\u201d.<\/li>\n<li>Regulador de temperatura por perilla de mayor exactitud y confort.<\/li>\n<li>Radiador de cobre esta\u00f1ado que otorga protecci\u00f3n extra al producto y aumenta su vida \u00fatil.<\/li>\n<li>F\u00e1cil instalaci\u00f3n.<\/li>\n<\/ul>\n","protected":false},"featured_media":2623,"comment_status":"open","ping_status":"closed","template":"","meta":[],"product_brand":[],"product_cat":[89,90],"product_tag":[48],"class_list":{"0":"post-2622","1":"product","2":"type-product","3":"status-publish","4":"has-post-thumbnail","6":"product_cat-calefones","7":"product_cat-gas-natural","8":"product_tag-senorial","10":"first","11":"instock","12":"shipping-taxable","13":"product-type-simple"},"jetpack_sharing_enabled":true,"_links":{"self":[{"href":"https:\/\/cobin.com.ar\/index.php\/wp-json\/wp\/v2\/product\/2622","targetHints":{"allow":["GET"]}}],"collection":[{"href":"https:\/\/cobin.com.ar\/index.php\/wp-json\/wp\/v2\/product"}],"about":[{"href":"https:\/\/cobin.com.ar\/index.php\/wp-json\/wp\/v2\/types\/product"}],"replies":[{"embeddable":true,"href":"https:\/\/cobin.com.ar\/index.php\/wp-json\/wp\/v2\/comments?post=2622"}],"version-history":[{"count":1,"href":"https:\/\/cobin.com.ar\/index.php\/wp-json\/wp\/v2\/product\/2622\/revisions"}],"predecessor-version":[{"id":5854,"href":"https:\/\/cobin.com.ar\/index.php\/wp-json\/wp\/v2\/product\/2622\/revisions\/5854"}],"wp:featuredmedia":[{"embeddable":true,"href":"https:\/\/cobin.com.ar\/index.php\/wp-json\/wp\/v2\/media\/2623"}],"wp:attachment":[{"href":"https:\/\/cobin.com.ar\/index.php\/wp-json\/wp\/v2\/media?parent=2622"}],"wp:term":[{"taxonomy":"product_brand","embeddable":true,"href":"https:\/\/cobin.com.ar\/index.php\/wp-json\/wp\/v2\/product_brand?post=2622"},{"taxonomy":"product_cat","embeddable":true,"href":"https:\/\/cobin.com.ar\/index.php\/wp-json\/wp\/v2\/product_cat?post=2622"},{"taxonomy":"product_tag","embeddable":true,"href":"https:\/\/cobin.com.ar\/index.php\/wp-json\/wp\/v2\/product_tag?post=2622"}],"curies":[{"name":"wp","href":"https:\/\/api.w.org\/{rel}","templated":true}]}}