{"id":2519,"date":"2024-02-26T17:11:47","date_gmt":"2024-02-26T16:11:47","guid":{"rendered":"https:\/\/cobin.com.ar\/?post_type=product&#038;p=2519"},"modified":"2025-10-01T17:14:07","modified_gmt":"2025-10-01T15:14:07","slug":"bomba-presurizadora-rowa-max-press-26-e","status":"publish","type":"product","link":"https:\/\/cobin.com.ar\/index.php\/producto\/bomba-presurizadora-rowa-max-press-26-e\/","title":{"rendered":"Bomba Presurizadora Rowa Max Press 26 E"},"content":{"rendered":"<ul>\n<li>Equipo con un control de funcionamiento electr\u00f3nico.<\/li>\n<li>Aumento de la presi\u00f3n de agua en viviendas en general con cisterna o tanque elevado.<\/li>\n<li>Bajo consumo, seguridad y confiabilidad. Hasta 3 plantas y 5 duchas.<\/li>\n<li>Sistema electr\u00f3nico dise\u00f1ado para ofrecer mayor confort.<\/li>\n<li>Se entrega programado de f\u00e1brica para realizar una verificaci\u00f3n autom\u00e1tica de la instalaci\u00f3n adecuando su funcionamiento al sistema hidr\u00e1ulico.<\/li>\n<li>Soporta un n\u00famero mayor de encendidos.<\/li>\n<li>Programado con protecci\u00f3n ante la falta de agua, se resetea autom\u00e1ticamente.<\/li>\n<li>Posee un sensor de presi\u00f3n el cual se comunica con la plaqueta electr\u00f3nica del equipo monitoreando constantemente el sistema, lo que permite un mejor funcionamiento del producto<\/li>\n<li>Mayor facilidad en el proceso de purgado.<\/li>\n<li>No necesita de mantenimiento, dado que autom\u00e1ticamente verifica las condiciones de la instalaci\u00f3n, detectando fallas en la misma, por lo que el equipo se encuentra siempre protegido.<\/li>\n<li>Posee un sistema de auto protecci\u00f3n ante un funcionamiento prolongado bajo condiciones extremas de presi\u00f3n y caudal.<\/li>\n<\/ul>\n","protected":false},"excerpt":{"rendered":"<ul>\n<li>Consumo el\u00e9ctrico 5.9 A.<\/li>\n<li>Potencia 0,75 hp.<\/li>\n<li>Tipo de aislaci\u00f3n F.<\/li>\n<li>Altura m\u00e1xima 25,5 mca.<\/li>\n<li>Caudal m\u00e1ximo 6500 L\/h.<\/li>\n<li>Garant\u00eda oficial por 2 a\u00f1os.<\/li>\n<\/ul>\n","protected":false},"featured_media":2523,"comment_status":"open","ping_status":"closed","template":"","meta":[],"product_brand":[],"product_cat":[56,57,207],"product_tag":[77],"class_list":{"0":"post-2519","1":"product","2":"type-product","3":"status-publish","4":"has-post-thumbnail","6":"product_cat-bombas","7":"product_cat-presurizadoras","8":"product_cat-rowa-press","9":"product_tag-rowa","11":"first","12":"instock","13":"shipping-taxable","14":"purchasable","15":"product-type-simple"},"jetpack_sharing_enabled":true,"_links":{"self":[{"href":"https:\/\/cobin.com.ar\/index.php\/wp-json\/wp\/v2\/product\/2519","targetHints":{"allow":["GET"]}}],"collection":[{"href":"https:\/\/cobin.com.ar\/index.php\/wp-json\/wp\/v2\/product"}],"about":[{"href":"https:\/\/cobin.com.ar\/index.php\/wp-json\/wp\/v2\/types\/product"}],"replies":[{"embeddable":true,"href":"https:\/\/cobin.com.ar\/index.php\/wp-json\/wp\/v2\/comments?post=2519"}],"version-history":[{"count":1,"href":"https:\/\/cobin.com.ar\/index.php\/wp-json\/wp\/v2\/product\/2519\/revisions"}],"predecessor-version":[{"id":5914,"href":"https:\/\/cobin.com.ar\/index.php\/wp-json\/wp\/v2\/product\/2519\/revisions\/5914"}],"wp:featuredmedia":[{"embeddable":true,"href":"https:\/\/cobin.com.ar\/index.php\/wp-json\/wp\/v2\/media\/2523"}],"wp:attachment":[{"href":"https:\/\/cobin.com.ar\/index.php\/wp-json\/wp\/v2\/media?parent=2519"}],"wp:term":[{"taxonomy":"product_brand","embeddable":true,"href":"https:\/\/cobin.com.ar\/index.php\/wp-json\/wp\/v2\/product_brand?post=2519"},{"taxonomy":"product_cat","embeddable":true,"href":"https:\/\/cobin.com.ar\/index.php\/wp-json\/wp\/v2\/product_cat?post=2519"},{"taxonomy":"product_tag","embeddable":true,"href":"https:\/\/cobin.com.ar\/index.php\/wp-json\/wp\/v2\/product_tag?post=2519"}],"curies":[{"name":"wp","href":"https:\/\/api.w.org\/{rel}","templated":true}]}}