{"id":5754,"date":"2025-09-03T20:16:25","date_gmt":"2025-09-03T18:16:25","guid":{"rendered":"https:\/\/cobin.com.ar\/?page_id=5754"},"modified":"2025-09-03T20:17:55","modified_gmt":"2025-09-03T18:17:55","slug":"politicas-de-devolucion","status":"publish","type":"page","link":"https:\/\/cobin.com.ar\/index.php\/politicas-de-devolucion\/","title":{"rendered":"Pol\u00edticas de devoluci\u00f3n"},"content":{"rendered":"\t\t<div data-elementor-type=\"wp-page\" data-elementor-id=\"5754\" class=\"elementor elementor-5754\" data-elementor-settings=\"{&quot;ha_cmc_init_switcher&quot;:&quot;no&quot;}\">\n\t\t\t\t<div class=\"elementor-element elementor-element-2761c15 e-con-full e-flex wpr-particle-no wpr-jarallax-no wpr-parallax-no wpr-sticky-section-no elementor-invisible e-con e-parent\" data-id=\"2761c15\" data-element_type=\"container\" data-e-type=\"container\" data-settings=\"{&quot;animation&quot;:&quot;fadeInDown&quot;,&quot;background_background&quot;:&quot;classic&quot;,&quot;_ha_eqh_enable&quot;:false}\">\n\t\t\t\t<div class=\"elementor-element elementor-element-ef8f9f9 elementor-widget elementor-widget-heading\" data-id=\"ef8f9f9\" data-element_type=\"widget\" data-e-type=\"widget\" data-widget_type=\"heading.default\">\n\t\t\t\t<div class=\"elementor-widget-container\">\n\t\t\t\t\t<h2 class=\"elementor-heading-title elementor-size-default\">POL\u00cdTICAS DE DEVOLUCI\u00d3N<\/h2>\t\t\t\t<\/div>\n\t\t\t\t<\/div>\n\t\t\t\t<\/div>\n\t\t<div class=\"elementor-element elementor-element-d91f745 e-flex e-con-boxed wpr-particle-no wpr-jarallax-no wpr-parallax-no wpr-sticky-section-no e-con e-parent\" data-id=\"d91f745\" data-element_type=\"container\" data-e-type=\"container\" data-settings=\"{&quot;_ha_eqh_enable&quot;:false}\">\n\t\t\t\t\t<div class=\"e-con-inner\">\n\t\t\t\t<div class=\"elementor-element elementor-element-7e637b7 elementor-widget elementor-widget-text-editor\" data-id=\"7e637b7\" data-element_type=\"widget\" data-e-type=\"widget\" data-widget_type=\"text-editor.default\">\n\t\t\t\t<div class=\"elementor-widget-container\">\n\t\t\t\t\t\t\t\t\t<p>La Ley de Defensa del Consumidor (Ley 24.240) establece que los consumidores tienen derecho a la devoluci\u00f3n de productos o servicios si estos no cumplen con las condiciones de compra o presentan defectos, dentro de ciertos plazos y condiciones. La Ley tambi\u00e9n protege los derechos de los consumidores en ventas a distancia, como compras online, donde se permite el arrepentimiento dentro de 10 d\u00edas. <br \/>Derecho a la devoluci\u00f3n:<br \/>Plazo de devoluci\u00f3n:<br \/>El plazo de devoluci\u00f3n suele ser de 10 d\u00edas corridos desde la compra o la entrega del producto. <br \/>Condiciones del producto:<br \/>El producto debe estar en condiciones originales, salvo defectos que sean ajenos al uso normal. <br \/>Reembolso completo:<br \/>En caso de devoluci\u00f3n, el comerciante debe restituir el valor completo del producto. <br \/>Derecho de arrepentimiento:<br \/>En ventas a distancia, el consumidor puede ejercer el derecho de arrepentimiento dentro de 10 d\u00edas, devolviendo el producto y recibiendo el reembolso.<\/p>\t\t\t\t\t\t\t\t<\/div>\n\t\t\t\t<\/div>\n\t\t\t\t\t<\/div>\n\t\t\t\t<\/div>\n\t\t\t\t<\/div>\n\t\t","protected":false},"excerpt":{"rendered":"<p>POL\u00cdTICAS DE DEVOLUCI\u00d3N La Ley de Defensa del Consumidor (Ley 24.240) establece que los consumidores tienen derecho a la devoluci\u00f3n de productos o servicios si estos no cumplen con las condiciones de compra o presentan defectos, dentro de ciertos plazos y condiciones. La Ley tambi\u00e9n protege los derechos de los consumidores en ventas a distancia, como compras online, donde se permite el arrepentimiento dentro de 10 d\u00edas. Derecho a la devoluci\u00f3n:Plazo de devoluci\u00f3n:El plazo de devoluci\u00f3n suele ser de 10 d\u00edas corridos desde la compra o la entrega del producto. Condiciones del producto:El producto debe estar en condiciones originales, salvo defectos que sean ajenos al uso normal. Reembolso completo:En caso de devoluci\u00f3n, el comerciante debe restituir el valor completo del producto. Derecho de arrepentimiento:En ventas a distancia, el consumidor puede ejercer el derecho de arrepentimiento dentro de 10 d\u00edas, devolviendo el producto y recibiendo el reembolso.<\/p>\n","protected":false},"author":1,"featured_media":0,"parent":0,"menu_order":0,"comment_status":"closed","ping_status":"closed","template":"elementor_header_footer","meta":{"footnotes":""},"class_list":["post-5754","page","type-page","status-publish","hentry"],"jetpack_sharing_enabled":true,"_links":{"self":[{"href":"https:\/\/cobin.com.ar\/index.php\/wp-json\/wp\/v2\/pages\/5754","targetHints":{"allow":["GET"]}}],"collection":[{"href":"https:\/\/cobin.com.ar\/index.php\/wp-json\/wp\/v2\/pages"}],"about":[{"href":"https:\/\/cobin.com.ar\/index.php\/wp-json\/wp\/v2\/types\/page"}],"author":[{"embeddable":true,"href":"https:\/\/cobin.com.ar\/index.php\/wp-json\/wp\/v2\/users\/1"}],"replies":[{"embeddable":true,"href":"https:\/\/cobin.com.ar\/index.php\/wp-json\/wp\/v2\/comments?post=5754"}],"version-history":[{"count":4,"href":"https:\/\/cobin.com.ar\/index.php\/wp-json\/wp\/v2\/pages\/5754\/revisions"}],"predecessor-version":[{"id":5766,"href":"https:\/\/cobin.com.ar\/index.php\/wp-json\/wp\/v2\/pages\/5754\/revisions\/5766"}],"wp:attachment":[{"href":"https:\/\/cobin.com.ar\/index.php\/wp-json\/wp\/v2\/media?parent=5754"}],"curies":[{"name":"wp","href":"https:\/\/api.w.org\/{rel}","templated":true}]}}