{"id":5413,"date":"2024-09-01T00:46:29","date_gmt":"2024-08-31T22:46:29","guid":{"rendered":"https:\/\/cobin.com.ar\/?page_id=5413"},"modified":"2024-09-01T00:50:01","modified_gmt":"2024-08-31T22:50:01","slug":"politicas-de-privacidad","status":"publish","type":"page","link":"https:\/\/cobin.com.ar\/index.php\/politicas-de-privacidad\/","title":{"rendered":"Politicas de privacidad"},"content":{"rendered":"\t\t<div data-elementor-type=\"wp-page\" data-elementor-id=\"5413\" class=\"elementor elementor-5413\" data-elementor-settings=\"{&quot;ha_cmc_init_switcher&quot;:&quot;no&quot;}\">\n\t\t\t\t<div class=\"elementor-element elementor-element-14a47d8 e-con-full e-flex wpr-particle-no wpr-jarallax-no wpr-parallax-no wpr-sticky-section-no elementor-invisible e-con e-parent\" data-id=\"14a47d8\" data-element_type=\"container\" data-e-type=\"container\" data-settings=\"{&quot;animation&quot;:&quot;fadeInDown&quot;,&quot;background_background&quot;:&quot;classic&quot;,&quot;_ha_eqh_enable&quot;:false}\">\n\t\t\t\t<div class=\"elementor-element elementor-element-3f4c443 elementor-widget elementor-widget-heading\" data-id=\"3f4c443\" data-element_type=\"widget\" data-e-type=\"widget\" data-widget_type=\"heading.default\">\n\t\t\t\t<div class=\"elementor-widget-container\">\n\t\t\t\t\t<h2 class=\"elementor-heading-title elementor-size-default\">POL\u00cdTICAS DE PRIVACIDAD<\/h2>\t\t\t\t<\/div>\n\t\t\t\t<\/div>\n\t\t\t\t<\/div>\n\t\t<div class=\"elementor-element elementor-element-4efbbec e-flex e-con-boxed wpr-particle-no wpr-jarallax-no wpr-parallax-no wpr-sticky-section-no e-con e-parent\" data-id=\"4efbbec\" data-element_type=\"container\" data-e-type=\"container\" data-settings=\"{&quot;_ha_eqh_enable&quot;:false}\">\n\t\t\t\t\t<div class=\"e-con-inner\">\n\t\t\t\t<div class=\"elementor-element elementor-element-b042952 elementor-widget elementor-widget-text-editor\" data-id=\"b042952\" data-element_type=\"widget\" data-e-type=\"widget\" data-widget_type=\"text-editor.default\">\n\t\t\t\t<div class=\"elementor-widget-container\">\n\t\t\t\t\t\t\t\t\t<p>INBECO ha implementado todos los procesos requeridos a los efectos de Protecci\u00f3n de los Datos Personales de los Usuarios, con el objeto de evitar el mal uso, alteraci\u00f3n, acceso no autorizado y\/o robo de los Datos Personales suministrados por el Usuario a INBECO. Sin perjuicio de lo expresado en el presente, el Usuario acepta y reconoce que las medidas de seguridad en Internet no son inviolables.<\/p><p>Todo dato que suministren los Usuarios ser\u00e1 empleado para establecer la relaci\u00f3n contractual entre los Usuarios y INBECO, y tambi\u00e9n ser\u00e1n incluidos en una Base de Datos de INBECO (la \u201cBase\u201d), con el objeto de identificar perfiles a los efectos de segmentar dicha Base con fines comerciales, promocionales y mejorar las ofertas a los Usuarios, quienes prestan conformidad mediante la utilizaci\u00f3n del Sitio de tales fines.<\/p><p>En caso que el Usuario contrate a trav\u00e9s del Sitio de INBECO un servicio y\/o producto brindado por un tercero (en adelante, \u201cTercero\u201d), el Usuario reconoce que al completar sus datos personales autoriza expresamente a INBECO a suministrar a dicho Tercero sus datos personales (Nombre y Apellido, DNI, Tel\u00e9fono, domicilio y correo electr\u00f3nico) s\u00f3lo a los efectos de la prestaci\u00f3n del servicio y la facturaci\u00f3n de dichos bienes y\/o servicios y a la entrega de los mismos. Toda informaci\u00f3n suministrada por el Usuario ser\u00e1 tratada por INBECO conforme t\u00e9rminos previstos en la Ley Nacional de Protecci\u00f3n de Datos Personales N\u00aa 25.326.<\/p><p>La Base ser\u00e1 inscripta en el Registro Nacional de Bases de Datos Personales por INBECO. Los Usuarios que suministren sus datos personales tendr\u00e1n la posibilidad de ejercer su derecho de acceso a los mismos, en forma gratuita, con un intervalo no inferior a seis (6) meses, salvo que se encuentre comprendido en el art\u00edculo 14, inc. 3 de la Ley N\u00famero 25.326 en el sentido que acredite un inter\u00e9s leg\u00edtimo.<br \/>Tambi\u00e9n podr\u00e1n rectificar los mismos, o solicitar el retiro de su nombre de la base de datos, enviando un mail a tusta@tusta.com.ar<br \/>De conformidad con lo establecido por la Res. AAIP 14\/2018 se le hace saber que \u00abLa AGENCIA DE ACCESO A LA INFORMACI\u00d3N P\u00daBLICA, \u00d3rgano de Control de la Ley N\u00ba 25.326, tiene la atribuci\u00f3n de atender las denuncias y reclamos que se interpongan con relaci\u00f3n al incumplimiento de las normas sobre protecci\u00f3n de datos personales\u201d. www.argentina.gob.ar\/aaip<\/p><p>Asimismo, se hace saber al Usuario que el presente sitio podr\u00e1 poseer accesos directos a otros sitios externos, propiedad de terceros, y cuyos contenidos y pol\u00edticas de privacidad son ajenos a INBECO (en adelante, los \u00abSitios Externos\u00bb). Por lo tanto, se recomienda que, cuando el Usuario resuelva acceder a dichos Sitios Externos, siempre consulte en forma previa las respectivas pol\u00edticas de privacidad antes de proporcionar su informaci\u00f3n y Datos Personales. INBECO no ser\u00e1 responsable por el uso que los propietarios de dichos Sitios Externos den a los Datos Personales que el Usuario y\/o Visitante resuelva proveer en forma voluntaria a los mismos.<\/p>\t\t\t\t\t\t\t\t<\/div>\n\t\t\t\t<\/div>\n\t\t\t\t\t<\/div>\n\t\t\t\t<\/div>\n\t\t\t\t<\/div>\n\t\t","protected":false},"excerpt":{"rendered":"<p>POL\u00cdTICAS DE PRIVACIDAD INBECO ha implementado todos los procesos requeridos a los efectos de Protecci\u00f3n de los Datos Personales de los Usuarios, con el objeto de evitar el mal uso, alteraci\u00f3n, acceso no autorizado y\/o robo de los Datos Personales suministrados por el Usuario a INBECO. Sin perjuicio de lo expresado en el presente, el Usuario acepta y reconoce que las medidas de seguridad en Internet no son inviolables. Todo dato que suministren los Usuarios ser\u00e1 empleado para establecer la relaci\u00f3n contractual entre los Usuarios y INBECO, y tambi\u00e9n ser\u00e1n incluidos en una Base de Datos de INBECO (la \u201cBase\u201d), con el objeto de identificar perfiles a los efectos de segmentar dicha Base con fines comerciales, promocionales y mejorar las ofertas a los Usuarios, quienes prestan conformidad mediante la utilizaci\u00f3n del Sitio de tales fines. En caso que el Usuario contrate a trav\u00e9s del Sitio de INBECO un servicio y\/o producto brindado por un tercero (en adelante, \u201cTercero\u201d), el Usuario reconoce que al completar sus datos personales autoriza expresamente a INBECO a suministrar a dicho Tercero sus datos personales (Nombre y Apellido, DNI, Tel\u00e9fono, domicilio y correo electr\u00f3nico) s\u00f3lo a los efectos de la prestaci\u00f3n del servicio y la facturaci\u00f3n de dichos bienes y\/o servicios y a la entrega de los mismos. Toda informaci\u00f3n suministrada por el Usuario ser\u00e1 tratada por INBECO conforme t\u00e9rminos previstos en la Ley Nacional de Protecci\u00f3n de Datos Personales N\u00aa 25.326. La Base ser\u00e1 inscripta en el Registro Nacional de Bases de Datos Personales por INBECO. Los Usuarios que suministren sus datos personales tendr\u00e1n la posibilidad de ejercer su derecho de acceso a los mismos, en forma gratuita, con un intervalo no inferior a seis (6) meses, salvo que se encuentre comprendido en el art\u00edculo 14, inc. 3 de la Ley N\u00famero 25.326 en el sentido que acredite un inter\u00e9s leg\u00edtimo.Tambi\u00e9n podr\u00e1n rectificar los mismos, o solicitar el retiro de su nombre de la base de datos, enviando un mail a tusta@tusta.com.arDe conformidad con lo establecido por la Res. AAIP 14\/2018 se le hace saber que \u00abLa AGENCIA DE ACCESO A LA INFORMACI\u00d3N P\u00daBLICA, \u00d3rgano de Control de la Ley N\u00ba 25.326, tiene la atribuci\u00f3n de atender las denuncias y reclamos que se interpongan con relaci\u00f3n al incumplimiento de las normas sobre protecci\u00f3n de datos personales\u201d. www.argentina.gob.ar\/aaip Asimismo, se hace saber al Usuario que el presente sitio podr\u00e1 poseer accesos directos a otros sitios externos, propiedad de terceros, y cuyos contenidos y pol\u00edticas de privacidad son ajenos a INBECO (en adelante, los \u00abSitios Externos\u00bb). Por lo tanto, se recomienda que, cuando el Usuario resuelva acceder a dichos Sitios Externos, siempre consulte en forma previa las respectivas pol\u00edticas de privacidad antes de proporcionar su informaci\u00f3n y Datos Personales. INBECO no ser\u00e1 responsable por el uso que los propietarios de dichos Sitios Externos den a los Datos Personales que el Usuario y\/o Visitante resuelva proveer en forma voluntaria a los mismos.<\/p>\n","protected":false},"author":1,"featured_media":0,"parent":0,"menu_order":0,"comment_status":"closed","ping_status":"closed","template":"elementor_header_footer","meta":{"footnotes":""},"class_list":["post-5413","page","type-page","status-publish","hentry"],"jetpack_sharing_enabled":true,"_links":{"self":[{"href":"https:\/\/cobin.com.ar\/index.php\/wp-json\/wp\/v2\/pages\/5413","targetHints":{"allow":["GET"]}}],"collection":[{"href":"https:\/\/cobin.com.ar\/index.php\/wp-json\/wp\/v2\/pages"}],"about":[{"href":"https:\/\/cobin.com.ar\/index.php\/wp-json\/wp\/v2\/types\/page"}],"author":[{"embeddable":true,"href":"https:\/\/cobin.com.ar\/index.php\/wp-json\/wp\/v2\/users\/1"}],"replies":[{"embeddable":true,"href":"https:\/\/cobin.com.ar\/index.php\/wp-json\/wp\/v2\/comments?post=5413"}],"version-history":[{"count":7,"href":"https:\/\/cobin.com.ar\/index.php\/wp-json\/wp\/v2\/pages\/5413\/revisions"}],"predecessor-version":[{"id":5425,"href":"https:\/\/cobin.com.ar\/index.php\/wp-json\/wp\/v2\/pages\/5413\/revisions\/5425"}],"wp:attachment":[{"href":"https:\/\/cobin.com.ar\/index.php\/wp-json\/wp\/v2\/media?parent=5413"}],"curies":[{"name":"wp","href":"https:\/\/api.w.org\/{rel}","templated":true}]}}